{"id":6354,"date":"2026-02-12T13:33:45","date_gmt":"2026-02-12T13:33:45","guid":{"rendered":"https:\/\/casadolivreiro.pt\/?post_type=product&#038;p=6354"},"modified":"2026-02-12T13:33:45","modified_gmt":"2026-02-12T13:33:45","slug":"em-nome-do-filho-herve-bazin","status":"publish","type":"product","link":"https:\/\/casadolivreiro.pt\/index.php\/product\/em-nome-do-filho-herve-bazin\/","title":{"rendered":"EM NOME DO FILHO &#8211; Herv\u00e9 Bazin"},"content":{"rendered":"<p>EM NOME DO FILHO<\/p>\n<p>Herv\u00e9 Bazin<\/p>\n<p>Tradu\u00e7\u00e3o de Maria Judite de Carvalho<\/p>\n<p>Ano de edi\u00e7\u00e3o: 1974<\/p>\n<p>Editor: Circulo de Leitores<\/p>\n<p>Idioma: Portugu\u00eas<\/p>\n<p>Dimens\u00f5es: 12 x 2 x 20.3 cm<\/p>\n<p>Encaderna\u00e7\u00e3o: Capa dura<\/p>\n<p>P\u00e1ginas: 265<\/p>\n","protected":false},"excerpt":{"rendered":"<p>EM NOME DO FILHO Herv\u00e9 Bazin Tradu\u00e7\u00e3o de Maria Judite de Carvalho Ano de edi\u00e7\u00e3o: 1974 Editor: Circulo de Leitores Idioma: Portugu\u00eas Dimens\u00f5es: 12 x 2 x 20.3 cm Encaderna\u00e7\u00e3o: Capa dura P\u00e1ginas: 265<\/p>\n","protected":false},"featured_media":6355,"comment_status":"open","ping_status":"closed","template":"","meta":{"om_disable_all_campaigns":false,"_monsterinsights_skip_tracking":false,"_monsterinsights_sitenote_active":false,"_monsterinsights_sitenote_note":"","_monsterinsights_sitenote_category":0,"_uf_show_specific_survey":0,"_uf_disable_surveys":false},"product_cat":[26],"product_tag":[],"aioseo_notices":[],"jetpack_sharing_enabled":true,"_links":{"self":[{"href":"https:\/\/casadolivreiro.pt\/index.php\/wp-json\/wp\/v2\/product\/6354"}],"collection":[{"href":"https:\/\/casadolivreiro.pt\/index.php\/wp-json\/wp\/v2\/product"}],"about":[{"href":"https:\/\/casadolivreiro.pt\/index.php\/wp-json\/wp\/v2\/types\/product"}],"replies":[{"embeddable":true,"href":"https:\/\/casadolivreiro.pt\/index.php\/wp-json\/wp\/v2\/comments?post=6354"}],"wp:featuredmedia":[{"embeddable":true,"href":"https:\/\/casadolivreiro.pt\/index.php\/wp-json\/wp\/v2\/media\/6355"}],"wp:attachment":[{"href":"https:\/\/casadolivreiro.pt\/index.php\/wp-json\/wp\/v2\/media?parent=6354"}],"wp:term":[{"taxonomy":"product_cat","embeddable":true,"href":"https:\/\/casadolivreiro.pt\/index.php\/wp-json\/wp\/v2\/product_cat?post=6354"},{"taxonomy":"product_tag","embeddable":true,"href":"https:\/\/casadolivreiro.pt\/index.php\/wp-json\/wp\/v2\/product_tag?post=6354"}],"curies":[{"name":"wp","href":"https:\/\/api.w.org\/{rel}","templated":true}]}}