{"id":6346,"date":"2026-02-11T18:09:56","date_gmt":"2026-02-11T18:09:56","guid":{"rendered":"https:\/\/casadolivreiro.pt\/?post_type=product&#038;p=6346"},"modified":"2026-02-11T18:09:56","modified_gmt":"2026-02-11T18:09:56","slug":"anders-na-terra-escura-2-wolfgang-e-heike-hohlbein","status":"publish","type":"product","link":"https:\/\/casadolivreiro.pt\/index.php\/product\/anders-na-terra-escura-2-wolfgang-e-heike-hohlbein\/","title":{"rendered":"ANDERS: NA TERRA ESCURA 2 &#8211; Wolfgang e Heike Hohlbein"},"content":{"rendered":"<p>ANDERS: NA TERRA ESCURA 2<\/p>\n<p>Wolfgang e Heike Hohlbein<\/p>\n<p>Tradu\u00e7\u00e3o de A. Fatima\u00a0 Freitas de Andrade<\/p>\n<p>Ano de edi\u00e7\u00e3o: 2005<\/p>\n<p>Editor: Edi\u00e7\u00f5es Nova Gaia<\/p>\n<p>Idioma: Portugu\u00eas<\/p>\n<p>Dimens\u00f5es: 12.5 x 4 x 20.7 cm<\/p>\n<p>Encaderna\u00e7\u00e3o: Capa dura<\/p>\n<p>P\u00e1ginas: 415<\/p>\n","protected":false},"excerpt":{"rendered":"<p>ANDERS: NA TERRA ESCURA 2 Wolfgang e Heike Hohlbein Tradu\u00e7\u00e3o de A. Fatima\u00a0 Freitas de Andrade Ano de edi\u00e7\u00e3o: 2005 Editor: Edi\u00e7\u00f5es Nova Gaia Idioma: Portugu\u00eas Dimens\u00f5es: 12.5 x 4 x 20.7 cm Encaderna\u00e7\u00e3o: Capa dura P\u00e1ginas: 415<\/p>\n","protected":false},"featured_media":6347,"comment_status":"open","ping_status":"closed","template":"","meta":{"om_disable_all_campaigns":false,"_monsterinsights_skip_tracking":false,"_monsterinsights_sitenote_active":false,"_monsterinsights_sitenote_note":"","_monsterinsights_sitenote_category":0,"_uf_show_specific_survey":0,"_uf_disable_surveys":false},"product_cat":[26],"product_tag":[],"aioseo_notices":[],"jetpack_sharing_enabled":true,"_links":{"self":[{"href":"https:\/\/casadolivreiro.pt\/index.php\/wp-json\/wp\/v2\/product\/6346"}],"collection":[{"href":"https:\/\/casadolivreiro.pt\/index.php\/wp-json\/wp\/v2\/product"}],"about":[{"href":"https:\/\/casadolivreiro.pt\/index.php\/wp-json\/wp\/v2\/types\/product"}],"replies":[{"embeddable":true,"href":"https:\/\/casadolivreiro.pt\/index.php\/wp-json\/wp\/v2\/comments?post=6346"}],"wp:featuredmedia":[{"embeddable":true,"href":"https:\/\/casadolivreiro.pt\/index.php\/wp-json\/wp\/v2\/media\/6347"}],"wp:attachment":[{"href":"https:\/\/casadolivreiro.pt\/index.php\/wp-json\/wp\/v2\/media?parent=6346"}],"wp:term":[{"taxonomy":"product_cat","embeddable":true,"href":"https:\/\/casadolivreiro.pt\/index.php\/wp-json\/wp\/v2\/product_cat?post=6346"},{"taxonomy":"product_tag","embeddable":true,"href":"https:\/\/casadolivreiro.pt\/index.php\/wp-json\/wp\/v2\/product_tag?post=6346"}],"curies":[{"name":"wp","href":"https:\/\/api.w.org\/{rel}","templated":true}]}}