{"id":634,"date":"2024-03-15T14:24:22","date_gmt":"2024-03-15T14:24:22","guid":{"rendered":"https:\/\/casadolivreiro.pt\/?post_type=product&#038;p=634"},"modified":"2024-03-15T14:24:22","modified_gmt":"2024-03-15T14:24:22","slug":"lisboa-qualquer-lugar-lisboa-qual-lisboa-grupo-iris","status":"publish","type":"product","link":"https:\/\/casadolivreiro.pt\/index.php\/product\/lisboa-qualquer-lugar-lisboa-qual-lisboa-grupo-iris\/","title":{"rendered":"LISBOA QUALQUER LUGAR LISBOA QUAL LISBOA &#8211; Grupo Iris"},"content":{"rendered":"<p>LISBOA QUALQUER LUGAR LISBOA QUAL LISBOA<br \/>\nGrupo Iris<br \/>\nTexto: Alberto Pimento<br \/>\nFotografias: Agostinho Gon\u00e7alves, Am\u00e9rico Silva, Fernando Curado Matos, Jean Dieuzaide, L\u00facia Vasconcelos, Luis Azevedo, Monteiro Gil, Pedro M\u00f3nica<br \/>\nAno de edi\u00e7\u00e3o: 1994<br \/>\nEditor: Diferen\u00e7a comunica\u00e7\u00e3o visual. Lisboa<br \/>\nIdioma: Portugu\u00eas \u2013 Ingl\u00eas \u2013 Franc\u00eas<br \/>\nDimens\u00f5es: 15 x 1.1 x 23 cm<br \/>\nEncaderna\u00e7\u00e3o: Capa mole<br \/>\nP\u00e1ginas: 96 pp n\u00e3o numeradas<\/p>\n","protected":false},"excerpt":{"rendered":"<p>LISBOA QUALQUER LUGAR LISBOA QUAL LISBOA Grupo Iris Texto: Alberto Pimento Fotografias: Agostinho Gon\u00e7alves, Am\u00e9rico Silva, Fernando Curado Matos, Jean Dieuzaide, L\u00facia Vasconcelos, Luis Azevedo, Monteiro Gil, Pedro M\u00f3nica Ano de edi\u00e7\u00e3o: 1994 Editor: Diferen\u00e7a comunica\u00e7\u00e3o visual. Lisboa Idioma: Portugu\u00eas \u2013 Ingl\u00eas \u2013 Franc\u00eas Dimens\u00f5es: 15 x 1.1 x 23 cm Encaderna\u00e7\u00e3o: Capa mole P\u00e1ginas: [&hellip;]<\/p>\n","protected":false},"featured_media":635,"comment_status":"open","ping_status":"closed","template":"","meta":{"om_disable_all_campaigns":false,"_monsterinsights_skip_tracking":false,"_monsterinsights_sitenote_active":false,"_monsterinsights_sitenote_note":"","_monsterinsights_sitenote_category":0,"_uf_show_specific_survey":0,"_uf_disable_surveys":false},"product_cat":[24],"product_tag":[],"aioseo_notices":[],"jetpack_sharing_enabled":true,"_links":{"self":[{"href":"https:\/\/casadolivreiro.pt\/index.php\/wp-json\/wp\/v2\/product\/634"}],"collection":[{"href":"https:\/\/casadolivreiro.pt\/index.php\/wp-json\/wp\/v2\/product"}],"about":[{"href":"https:\/\/casadolivreiro.pt\/index.php\/wp-json\/wp\/v2\/types\/product"}],"replies":[{"embeddable":true,"href":"https:\/\/casadolivreiro.pt\/index.php\/wp-json\/wp\/v2\/comments?post=634"}],"wp:featuredmedia":[{"embeddable":true,"href":"https:\/\/casadolivreiro.pt\/index.php\/wp-json\/wp\/v2\/media\/635"}],"wp:attachment":[{"href":"https:\/\/casadolivreiro.pt\/index.php\/wp-json\/wp\/v2\/media?parent=634"}],"wp:term":[{"taxonomy":"product_cat","embeddable":true,"href":"https:\/\/casadolivreiro.pt\/index.php\/wp-json\/wp\/v2\/product_cat?post=634"},{"taxonomy":"product_tag","embeddable":true,"href":"https:\/\/casadolivreiro.pt\/index.php\/wp-json\/wp\/v2\/product_tag?post=634"}],"curies":[{"name":"wp","href":"https:\/\/api.w.org\/{rel}","templated":true}]}}