{"id":6338,"date":"2026-02-11T18:02:20","date_gmt":"2026-02-11T18:02:20","guid":{"rendered":"https:\/\/casadolivreiro.pt\/?post_type=product&#038;p=6338"},"modified":"2026-02-11T18:02:20","modified_gmt":"2026-02-11T18:02:20","slug":"o-contador-de-historias-harold-robbins","status":"publish","type":"product","link":"https:\/\/casadolivreiro.pt\/index.php\/product\/o-contador-de-historias-harold-robbins\/","title":{"rendered":"O CONTADOR DE HIST\u00d3RIAS &#8211; Harold Robbins"},"content":{"rendered":"<p>O CONTADOR DE HIST\u00d3RIAS<\/p>\n<p>Harold Robbins<\/p>\n<p>Tradu\u00e7\u00e3o de Maria Em\u00edlia Ferros Moura<\/p>\n<p>Ano de edi\u00e7\u00e3o: 1987<\/p>\n<p>Editor: Circulo de Leitores<\/p>\n<p>Idioma: Portugu\u00eas<\/p>\n<p>Dimens\u00f5es: 12 x 2 x 20.3 cm<\/p>\n<p>Encaderna\u00e7\u00e3o: Capa dura<\/p>\n<p>P\u00e1ginas: 281<\/p>\n","protected":false},"excerpt":{"rendered":"<p>O CONTADOR DE HIST\u00d3RIAS Harold Robbins Tradu\u00e7\u00e3o de Maria Em\u00edlia Ferros Moura Ano de edi\u00e7\u00e3o: 1987 Editor: Circulo de Leitores Idioma: Portugu\u00eas Dimens\u00f5es: 12 x 2 x 20.3 cm Encaderna\u00e7\u00e3o: Capa dura P\u00e1ginas: 281<\/p>\n","protected":false},"featured_media":6339,"comment_status":"open","ping_status":"closed","template":"","meta":{"om_disable_all_campaigns":false,"_monsterinsights_skip_tracking":false,"_monsterinsights_sitenote_active":false,"_monsterinsights_sitenote_note":"","_monsterinsights_sitenote_category":0,"_uf_show_specific_survey":0,"_uf_disable_surveys":false},"product_cat":[26],"product_tag":[],"aioseo_notices":[],"jetpack_sharing_enabled":true,"_links":{"self":[{"href":"https:\/\/casadolivreiro.pt\/index.php\/wp-json\/wp\/v2\/product\/6338"}],"collection":[{"href":"https:\/\/casadolivreiro.pt\/index.php\/wp-json\/wp\/v2\/product"}],"about":[{"href":"https:\/\/casadolivreiro.pt\/index.php\/wp-json\/wp\/v2\/types\/product"}],"replies":[{"embeddable":true,"href":"https:\/\/casadolivreiro.pt\/index.php\/wp-json\/wp\/v2\/comments?post=6338"}],"wp:featuredmedia":[{"embeddable":true,"href":"https:\/\/casadolivreiro.pt\/index.php\/wp-json\/wp\/v2\/media\/6339"}],"wp:attachment":[{"href":"https:\/\/casadolivreiro.pt\/index.php\/wp-json\/wp\/v2\/media?parent=6338"}],"wp:term":[{"taxonomy":"product_cat","embeddable":true,"href":"https:\/\/casadolivreiro.pt\/index.php\/wp-json\/wp\/v2\/product_cat?post=6338"},{"taxonomy":"product_tag","embeddable":true,"href":"https:\/\/casadolivreiro.pt\/index.php\/wp-json\/wp\/v2\/product_tag?post=6338"}],"curies":[{"name":"wp","href":"https:\/\/api.w.org\/{rel}","templated":true}]}}