{"id":6334,"date":"2026-02-11T17:58:20","date_gmt":"2026-02-11T17:58:20","guid":{"rendered":"https:\/\/casadolivreiro.pt\/?post_type=product&#038;p=6334"},"modified":"2026-02-11T17:58:21","modified_gmt":"2026-02-11T17:58:21","slug":"1989-panico-na-bolsa-paul-erdman","status":"publish","type":"product","link":"https:\/\/casadolivreiro.pt\/index.php\/product\/1989-panico-na-bolsa-paul-erdman\/","title":{"rendered":"1989 P\u00c2NICO NA BOLSA &#8211; Paul Erdman"},"content":{"rendered":"<p>1989 P\u00c2NICO NA BOLSA<\/p>\n<p>Paul Erdman<\/p>\n<p>Tradu\u00e7\u00e3o de Manuel Cordeiro<\/p>\n<p>Ano de edi\u00e7\u00e3o: 1987<\/p>\n<p>Editor: Circulo de Leitores<\/p>\n<p>Idioma: Portugu\u00eas<\/p>\n<p>Dimens\u00f5es: 12 x 2 x 20.3 cm<\/p>\n<p>Encaderna\u00e7\u00e3o: Capa dura<\/p>\n<p>P\u00e1ginas: 286<\/p>\n","protected":false},"excerpt":{"rendered":"<p>1989 P\u00c2NICO NA BOLSA Paul Erdman Tradu\u00e7\u00e3o de Manuel Cordeiro Ano de edi\u00e7\u00e3o: 1987 Editor: Circulo de Leitores Idioma: Portugu\u00eas Dimens\u00f5es: 12 x 2 x 20.3 cm Encaderna\u00e7\u00e3o: Capa dura P\u00e1ginas: 286<\/p>\n","protected":false},"featured_media":6335,"comment_status":"open","ping_status":"closed","template":"","meta":{"om_disable_all_campaigns":false,"_monsterinsights_skip_tracking":false,"_monsterinsights_sitenote_active":false,"_monsterinsights_sitenote_note":"","_monsterinsights_sitenote_category":0,"_uf_show_specific_survey":0,"_uf_disable_surveys":false},"product_cat":[26],"product_tag":[],"aioseo_notices":[],"jetpack_sharing_enabled":true,"_links":{"self":[{"href":"https:\/\/casadolivreiro.pt\/index.php\/wp-json\/wp\/v2\/product\/6334"}],"collection":[{"href":"https:\/\/casadolivreiro.pt\/index.php\/wp-json\/wp\/v2\/product"}],"about":[{"href":"https:\/\/casadolivreiro.pt\/index.php\/wp-json\/wp\/v2\/types\/product"}],"replies":[{"embeddable":true,"href":"https:\/\/casadolivreiro.pt\/index.php\/wp-json\/wp\/v2\/comments?post=6334"}],"wp:featuredmedia":[{"embeddable":true,"href":"https:\/\/casadolivreiro.pt\/index.php\/wp-json\/wp\/v2\/media\/6335"}],"wp:attachment":[{"href":"https:\/\/casadolivreiro.pt\/index.php\/wp-json\/wp\/v2\/media?parent=6334"}],"wp:term":[{"taxonomy":"product_cat","embeddable":true,"href":"https:\/\/casadolivreiro.pt\/index.php\/wp-json\/wp\/v2\/product_cat?post=6334"},{"taxonomy":"product_tag","embeddable":true,"href":"https:\/\/casadolivreiro.pt\/index.php\/wp-json\/wp\/v2\/product_tag?post=6334"}],"curies":[{"name":"wp","href":"https:\/\/api.w.org\/{rel}","templated":true}]}}