{"id":6330,"date":"2026-02-11T17:54:26","date_gmt":"2026-02-11T17:54:26","guid":{"rendered":"https:\/\/casadolivreiro.pt\/?post_type=product&#038;p=6330"},"modified":"2026-02-11T17:54:26","modified_gmt":"2026-02-11T17:54:26","slug":"vitoria-nas-24-horas-de-le-mans-bernard-clavel","status":"publish","type":"product","link":"https:\/\/casadolivreiro.pt\/index.php\/product\/vitoria-nas-24-horas-de-le-mans-bernard-clavel\/","title":{"rendered":"VIT\u00d3RIA NAS 24 HORAS DE LE MANS &#8211; Bernard Clavel"},"content":{"rendered":"<p>VIT\u00d3RIA NAS 24 HORAS DE LE MANS<\/p>\n<p>Bernard Clavel<\/p>\n<p>Tradu\u00e7\u00e3o de Adolfo Sim\u00f5es M\u00fcller<\/p>\n<p>Ano de edi\u00e7\u00e3o: 1970<\/p>\n<p>Editor: Publica\u00e7\u00f5es Europa-Am\u00e9rica<\/p>\n<p>Idioma: Portugu\u00eas<\/p>\n<p>Dimens\u00f5es: 13.3 x 1.7 x 21 cm<\/p>\n<p>Encaderna\u00e7\u00e3o: Capa mole<\/p>\n<p>P\u00e1ginas: 194<\/p>\n","protected":false},"excerpt":{"rendered":"<p>VIT\u00d3RIA NAS 24 HORAS DE LE MANS Bernard Clavel Tradu\u00e7\u00e3o de Adolfo Sim\u00f5es M\u00fcller Ano de edi\u00e7\u00e3o: 1970 Editor: Publica\u00e7\u00f5es Europa-Am\u00e9rica Idioma: Portugu\u00eas Dimens\u00f5es: 13.3 x 1.7 x 21 cm Encaderna\u00e7\u00e3o: Capa mole P\u00e1ginas: 194<\/p>\n","protected":false},"featured_media":6331,"comment_status":"open","ping_status":"closed","template":"","meta":{"om_disable_all_campaigns":false,"_monsterinsights_skip_tracking":false,"_monsterinsights_sitenote_active":false,"_monsterinsights_sitenote_note":"","_monsterinsights_sitenote_category":0,"_uf_show_specific_survey":0,"_uf_disable_surveys":false},"product_cat":[34,26],"product_tag":[],"aioseo_notices":[],"jetpack_sharing_enabled":true,"_links":{"self":[{"href":"https:\/\/casadolivreiro.pt\/index.php\/wp-json\/wp\/v2\/product\/6330"}],"collection":[{"href":"https:\/\/casadolivreiro.pt\/index.php\/wp-json\/wp\/v2\/product"}],"about":[{"href":"https:\/\/casadolivreiro.pt\/index.php\/wp-json\/wp\/v2\/types\/product"}],"replies":[{"embeddable":true,"href":"https:\/\/casadolivreiro.pt\/index.php\/wp-json\/wp\/v2\/comments?post=6330"}],"wp:featuredmedia":[{"embeddable":true,"href":"https:\/\/casadolivreiro.pt\/index.php\/wp-json\/wp\/v2\/media\/6331"}],"wp:attachment":[{"href":"https:\/\/casadolivreiro.pt\/index.php\/wp-json\/wp\/v2\/media?parent=6330"}],"wp:term":[{"taxonomy":"product_cat","embeddable":true,"href":"https:\/\/casadolivreiro.pt\/index.php\/wp-json\/wp\/v2\/product_cat?post=6330"},{"taxonomy":"product_tag","embeddable":true,"href":"https:\/\/casadolivreiro.pt\/index.php\/wp-json\/wp\/v2\/product_tag?post=6330"}],"curies":[{"name":"wp","href":"https:\/\/api.w.org\/{rel}","templated":true}]}}