{"id":632,"date":"2024-03-15T14:21:16","date_gmt":"2024-03-15T14:21:16","guid":{"rendered":"https:\/\/casadolivreiro.pt\/?post_type=product&#038;p=632"},"modified":"2024-03-15T14:21:16","modified_gmt":"2024-03-15T14:21:16","slug":"galeries-de-peinture-guide-musee-calouste-gulbenkian","status":"publish","type":"product","link":"https:\/\/casadolivreiro.pt\/index.php\/product\/galeries-de-peinture-guide-musee-calouste-gulbenkian\/","title":{"rendered":"GALERIES DE PEINTURE GUIDE &#8211; Mus\u00e9e Calouste Gulbenkian"},"content":{"rendered":"<p>GALERIES DE PEINTURE GUIDE<br \/>\nMus\u00e9e Calouste Gulbenkian<br \/>\nISBN: 972-8128-36-3<br \/>\nAno de edi\u00e7\u00e3o: 1998<br \/>\nEditor: Fondation Calouste Gulbenkian<br \/>\nIdioma: Portugu\u00eas<br \/>\nDimens\u00f5es: 15 x 1.1 x 23 cm<br \/>\nEncaderna\u00e7\u00e3o: Capa mole<br \/>\nP\u00e1ginas: 131<\/p>\n","protected":false},"excerpt":{"rendered":"<p>GALERIES DE PEINTURE GUIDE Mus\u00e9e Calouste Gulbenkian ISBN: 972-8128-36-3 Ano de edi\u00e7\u00e3o: 1998 Editor: Fondation Calouste Gulbenkian Idioma: Portugu\u00eas Dimens\u00f5es: 15 x 1.1 x 23 cm Encaderna\u00e7\u00e3o: Capa mole P\u00e1ginas: 131<\/p>\n","protected":false},"featured_media":633,"comment_status":"open","ping_status":"closed","template":"","meta":{"om_disable_all_campaigns":false,"_monsterinsights_skip_tracking":false,"_monsterinsights_sitenote_active":false,"_monsterinsights_sitenote_note":"","_monsterinsights_sitenote_category":0,"_uf_show_specific_survey":0,"_uf_disable_surveys":false},"product_cat":[24],"product_tag":[],"aioseo_notices":[],"jetpack_sharing_enabled":true,"_links":{"self":[{"href":"https:\/\/casadolivreiro.pt\/index.php\/wp-json\/wp\/v2\/product\/632"}],"collection":[{"href":"https:\/\/casadolivreiro.pt\/index.php\/wp-json\/wp\/v2\/product"}],"about":[{"href":"https:\/\/casadolivreiro.pt\/index.php\/wp-json\/wp\/v2\/types\/product"}],"replies":[{"embeddable":true,"href":"https:\/\/casadolivreiro.pt\/index.php\/wp-json\/wp\/v2\/comments?post=632"}],"wp:featuredmedia":[{"embeddable":true,"href":"https:\/\/casadolivreiro.pt\/index.php\/wp-json\/wp\/v2\/media\/633"}],"wp:attachment":[{"href":"https:\/\/casadolivreiro.pt\/index.php\/wp-json\/wp\/v2\/media?parent=632"}],"wp:term":[{"taxonomy":"product_cat","embeddable":true,"href":"https:\/\/casadolivreiro.pt\/index.php\/wp-json\/wp\/v2\/product_cat?post=632"},{"taxonomy":"product_tag","embeddable":true,"href":"https:\/\/casadolivreiro.pt\/index.php\/wp-json\/wp\/v2\/product_tag?post=632"}],"curies":[{"name":"wp","href":"https:\/\/api.w.org\/{rel}","templated":true}]}}