{"id":6319,"date":"2026-02-11T17:43:13","date_gmt":"2026-02-11T17:43:13","guid":{"rendered":"https:\/\/casadolivreiro.pt\/?post_type=product&#038;p=6319"},"modified":"2026-02-11T17:43:13","modified_gmt":"2026-02-11T17:43:13","slug":"as-mil-e-uma-noites-volume-iv-versao-de-antoine-galland","status":"publish","type":"product","link":"https:\/\/casadolivreiro.pt\/index.php\/product\/as-mil-e-uma-noites-volume-iv-versao-de-antoine-galland\/","title":{"rendered":"AS MIL E UMA NOITES, Volume IV &#8211; Vers\u00e3o de Antoine Galland"},"content":{"rendered":"<p>AS MIL E UMA NOITES, Volume IV<\/p>\n<p>Vers\u00e3o de Antoine Galland<\/p>\n<p>Tradu\u00e7\u00e3o de Martim Velho Sotto Mayor<\/p>\n<p>Ano de edi\u00e7\u00e3o: 1976<\/p>\n<p>Editor: Editorial Estampa, Lisboa<\/p>\n<p>Idioma: Portugu\u00eas<\/p>\n<p>Dimens\u00f5es: 12 x 2 x 19.3 cm<\/p>\n<p>Encaderna\u00e7\u00e3o: Capa dura<\/p>\n<p>P\u00e1ginas: 277<\/p>\n","protected":false},"excerpt":{"rendered":"<p>AS MIL E UMA NOITES, Volume IV Vers\u00e3o de Antoine Galland Tradu\u00e7\u00e3o de Martim Velho Sotto Mayor Ano de edi\u00e7\u00e3o: 1976 Editor: Editorial Estampa, Lisboa Idioma: Portugu\u00eas Dimens\u00f5es: 12 x 2 x 19.3 cm Encaderna\u00e7\u00e3o: Capa dura P\u00e1ginas: 277<\/p>\n","protected":false},"featured_media":6320,"comment_status":"open","ping_status":"closed","template":"","meta":{"om_disable_all_campaigns":false,"_monsterinsights_skip_tracking":false,"_monsterinsights_sitenote_active":false,"_monsterinsights_sitenote_note":"","_monsterinsights_sitenote_category":0,"_uf_show_specific_survey":0,"_uf_disable_surveys":false},"product_cat":[26],"product_tag":[],"aioseo_notices":[],"jetpack_sharing_enabled":true,"_links":{"self":[{"href":"https:\/\/casadolivreiro.pt\/index.php\/wp-json\/wp\/v2\/product\/6319"}],"collection":[{"href":"https:\/\/casadolivreiro.pt\/index.php\/wp-json\/wp\/v2\/product"}],"about":[{"href":"https:\/\/casadolivreiro.pt\/index.php\/wp-json\/wp\/v2\/types\/product"}],"replies":[{"embeddable":true,"href":"https:\/\/casadolivreiro.pt\/index.php\/wp-json\/wp\/v2\/comments?post=6319"}],"wp:featuredmedia":[{"embeddable":true,"href":"https:\/\/casadolivreiro.pt\/index.php\/wp-json\/wp\/v2\/media\/6320"}],"wp:attachment":[{"href":"https:\/\/casadolivreiro.pt\/index.php\/wp-json\/wp\/v2\/media?parent=6319"}],"wp:term":[{"taxonomy":"product_cat","embeddable":true,"href":"https:\/\/casadolivreiro.pt\/index.php\/wp-json\/wp\/v2\/product_cat?post=6319"},{"taxonomy":"product_tag","embeddable":true,"href":"https:\/\/casadolivreiro.pt\/index.php\/wp-json\/wp\/v2\/product_tag?post=6319"}],"curies":[{"name":"wp","href":"https:\/\/api.w.org\/{rel}","templated":true}]}}