{"id":6308,"date":"2026-02-11T17:27:51","date_gmt":"2026-02-11T17:27:51","guid":{"rendered":"https:\/\/casadolivreiro.pt\/?post_type=product&#038;p=6308"},"modified":"2026-02-11T17:27:51","modified_gmt":"2026-02-11T17:27:51","slug":"historia-de-uma-enfermeira-carol-gino","status":"publish","type":"product","link":"https:\/\/casadolivreiro.pt\/index.php\/product\/historia-de-uma-enfermeira-carol-gino\/","title":{"rendered":"HIST\u00d3RIA DE UMA ENFERMEIRA &#8211; Carol Gino"},"content":{"rendered":"<p>HIST\u00d3RIA DE UMA ENFERMEIRA<\/p>\n<p>Carol Gino<\/p>\n<p>Tradu\u00e7\u00e3o de Maria Georgina Segurado<\/p>\n<p>Ano de edi\u00e7\u00e3o: 1984<\/p>\n<p>Editor: Circulo de Leitores<\/p>\n<p>Idioma: Portugu\u00eas<\/p>\n<p>Dimens\u00f5es: 12 x 2.8 x 20 cm<\/p>\n<p>Encaderna\u00e7\u00e3o: Capa dura<\/p>\n<p>P\u00e1ginas: 390<\/p>\n","protected":false},"excerpt":{"rendered":"<p>HIST\u00d3RIA DE UMA ENFERMEIRA Carol Gino Tradu\u00e7\u00e3o de Maria Georgina Segurado Ano de edi\u00e7\u00e3o: 1984 Editor: Circulo de Leitores Idioma: Portugu\u00eas Dimens\u00f5es: 12 x 2.8 x 20 cm Encaderna\u00e7\u00e3o: Capa dura P\u00e1ginas: 390<\/p>\n","protected":false},"featured_media":6309,"comment_status":"open","ping_status":"closed","template":"","meta":{"om_disable_all_campaigns":false,"_monsterinsights_skip_tracking":false,"_monsterinsights_sitenote_active":false,"_monsterinsights_sitenote_note":"","_monsterinsights_sitenote_category":0,"_uf_show_specific_survey":0,"_uf_disable_surveys":false},"product_cat":[26],"product_tag":[],"aioseo_notices":[],"jetpack_sharing_enabled":true,"_links":{"self":[{"href":"https:\/\/casadolivreiro.pt\/index.php\/wp-json\/wp\/v2\/product\/6308"}],"collection":[{"href":"https:\/\/casadolivreiro.pt\/index.php\/wp-json\/wp\/v2\/product"}],"about":[{"href":"https:\/\/casadolivreiro.pt\/index.php\/wp-json\/wp\/v2\/types\/product"}],"replies":[{"embeddable":true,"href":"https:\/\/casadolivreiro.pt\/index.php\/wp-json\/wp\/v2\/comments?post=6308"}],"wp:featuredmedia":[{"embeddable":true,"href":"https:\/\/casadolivreiro.pt\/index.php\/wp-json\/wp\/v2\/media\/6309"}],"wp:attachment":[{"href":"https:\/\/casadolivreiro.pt\/index.php\/wp-json\/wp\/v2\/media?parent=6308"}],"wp:term":[{"taxonomy":"product_cat","embeddable":true,"href":"https:\/\/casadolivreiro.pt\/index.php\/wp-json\/wp\/v2\/product_cat?post=6308"},{"taxonomy":"product_tag","embeddable":true,"href":"https:\/\/casadolivreiro.pt\/index.php\/wp-json\/wp\/v2\/product_tag?post=6308"}],"curies":[{"name":"wp","href":"https:\/\/api.w.org\/{rel}","templated":true}]}}