{"id":6304,"date":"2026-02-11T17:23:59","date_gmt":"2026-02-11T17:23:59","guid":{"rendered":"https:\/\/casadolivreiro.pt\/?post_type=product&#038;p=6304"},"modified":"2026-02-11T17:23:59","modified_gmt":"2026-02-11T17:23:59","slug":"encenacao-macabra-stephen-humphrey-bogart","status":"publish","type":"product","link":"https:\/\/casadolivreiro.pt\/index.php\/product\/encenacao-macabra-stephen-humphrey-bogart\/","title":{"rendered":"ENCENA\u00c7\u00c3O MACABRA &#8211; Stephen Humphrey Bogart"},"content":{"rendered":"<p>ENCENA\u00c7\u00c3O MACABRA<\/p>\n<p>Stephen Humphrey Bogart<\/p>\n<p>Tradu\u00e7\u00e3o de Sofia Gomes<\/p>\n<p>Ano de edi\u00e7\u00e3o: 1996<\/p>\n<p>Editor: Circulo de Leitores<\/p>\n<p>Idioma: Portugu\u00eas<\/p>\n<p>Dimens\u00f5es: 12 x 1.4 x 20 cm<\/p>\n<p>Encaderna\u00e7\u00e3o: Capa dura<\/p>\n<p>P\u00e1ginas: 238<\/p>\n","protected":false},"excerpt":{"rendered":"<p>ENCENA\u00c7\u00c3O MACABRA Stephen Humphrey Bogart Tradu\u00e7\u00e3o de Sofia Gomes Ano de edi\u00e7\u00e3o: 1996 Editor: Circulo de Leitores Idioma: Portugu\u00eas Dimens\u00f5es: 12 x 1.4 x 20 cm Encaderna\u00e7\u00e3o: Capa dura P\u00e1ginas: 238<\/p>\n","protected":false},"featured_media":6305,"comment_status":"open","ping_status":"closed","template":"","meta":{"om_disable_all_campaigns":false,"_monsterinsights_skip_tracking":false,"_monsterinsights_sitenote_active":false,"_monsterinsights_sitenote_note":"","_monsterinsights_sitenote_category":0,"_uf_show_specific_survey":0,"_uf_disable_surveys":false},"product_cat":[26],"product_tag":[],"aioseo_notices":[],"jetpack_sharing_enabled":true,"_links":{"self":[{"href":"https:\/\/casadolivreiro.pt\/index.php\/wp-json\/wp\/v2\/product\/6304"}],"collection":[{"href":"https:\/\/casadolivreiro.pt\/index.php\/wp-json\/wp\/v2\/product"}],"about":[{"href":"https:\/\/casadolivreiro.pt\/index.php\/wp-json\/wp\/v2\/types\/product"}],"replies":[{"embeddable":true,"href":"https:\/\/casadolivreiro.pt\/index.php\/wp-json\/wp\/v2\/comments?post=6304"}],"wp:featuredmedia":[{"embeddable":true,"href":"https:\/\/casadolivreiro.pt\/index.php\/wp-json\/wp\/v2\/media\/6305"}],"wp:attachment":[{"href":"https:\/\/casadolivreiro.pt\/index.php\/wp-json\/wp\/v2\/media?parent=6304"}],"wp:term":[{"taxonomy":"product_cat","embeddable":true,"href":"https:\/\/casadolivreiro.pt\/index.php\/wp-json\/wp\/v2\/product_cat?post=6304"},{"taxonomy":"product_tag","embeddable":true,"href":"https:\/\/casadolivreiro.pt\/index.php\/wp-json\/wp\/v2\/product_tag?post=6304"}],"curies":[{"name":"wp","href":"https:\/\/api.w.org\/{rel}","templated":true}]}}