{"id":630,"date":"2024-03-15T14:18:19","date_gmt":"2024-03-15T14:18:19","guid":{"rendered":"https:\/\/casadolivreiro.pt\/?post_type=product&#038;p=630"},"modified":"2024-03-15T14:18:19","modified_gmt":"2024-03-15T14:18:19","slug":"a-cruz-vazia-maria-teresa-maia-gonzalez","status":"publish","type":"product","link":"https:\/\/casadolivreiro.pt\/index.php\/product\/a-cruz-vazia-maria-teresa-maia-gonzalez\/","title":{"rendered":"A CRUZ VAZIA &#8211; Maria Teresa Maia Gonzalez"},"content":{"rendered":"<p>A CRUZ VAZIA<br \/>\nMaria Teresa Maia Gonzalez<br \/>\nISBN: 972-29-0481-7<br \/>\nAno de edi\u00e7\u00e3o: 2000<br \/>\nEditor: Difel 82 \u2013 Difus\u00e3o Editorial S.A. Miraflores<br \/>\nIdioma: Portugu\u00eas<br \/>\nDimens\u00f5es: 15 x 1 x 23 cm<br \/>\nEncaderna\u00e7\u00e3o: Capa mole<br \/>\nP\u00e1ginas: 185<\/p>\n","protected":false},"excerpt":{"rendered":"<p>A CRUZ VAZIA Maria Teresa Maia Gonzalez ISBN: 972-29-0481-7 Ano de edi\u00e7\u00e3o: 2000 Editor: Difel 82 \u2013 Difus\u00e3o Editorial S.A. Miraflores Idioma: Portugu\u00eas Dimens\u00f5es: 15 x 1 x 23 cm Encaderna\u00e7\u00e3o: Capa mole P\u00e1ginas: 185<\/p>\n","protected":false},"featured_media":631,"comment_status":"open","ping_status":"closed","template":"","meta":{"om_disable_all_campaigns":false,"_monsterinsights_skip_tracking":false,"_monsterinsights_sitenote_active":false,"_monsterinsights_sitenote_note":"","_monsterinsights_sitenote_category":0,"_uf_show_specific_survey":0,"_uf_disable_surveys":false},"product_cat":[33,25],"product_tag":[],"aioseo_notices":[],"jetpack_sharing_enabled":true,"_links":{"self":[{"href":"https:\/\/casadolivreiro.pt\/index.php\/wp-json\/wp\/v2\/product\/630"}],"collection":[{"href":"https:\/\/casadolivreiro.pt\/index.php\/wp-json\/wp\/v2\/product"}],"about":[{"href":"https:\/\/casadolivreiro.pt\/index.php\/wp-json\/wp\/v2\/types\/product"}],"replies":[{"embeddable":true,"href":"https:\/\/casadolivreiro.pt\/index.php\/wp-json\/wp\/v2\/comments?post=630"}],"wp:featuredmedia":[{"embeddable":true,"href":"https:\/\/casadolivreiro.pt\/index.php\/wp-json\/wp\/v2\/media\/631"}],"wp:attachment":[{"href":"https:\/\/casadolivreiro.pt\/index.php\/wp-json\/wp\/v2\/media?parent=630"}],"wp:term":[{"taxonomy":"product_cat","embeddable":true,"href":"https:\/\/casadolivreiro.pt\/index.php\/wp-json\/wp\/v2\/product_cat?post=630"},{"taxonomy":"product_tag","embeddable":true,"href":"https:\/\/casadolivreiro.pt\/index.php\/wp-json\/wp\/v2\/product_tag?post=630"}],"curies":[{"name":"wp","href":"https:\/\/api.w.org\/{rel}","templated":true}]}}