{"id":6294,"date":"2026-02-11T17:13:50","date_gmt":"2026-02-11T17:13:50","guid":{"rendered":"https:\/\/casadolivreiro.pt\/?post_type=product&#038;p=6294"},"modified":"2026-02-11T17:13:50","modified_gmt":"2026-02-11T17:13:50","slug":"a-romana-alberto-moravia","status":"publish","type":"product","link":"https:\/\/casadolivreiro.pt\/index.php\/product\/a-romana-alberto-moravia\/","title":{"rendered":"A ROMANA &#8211; Alberto Moravia"},"content":{"rendered":"<p>A ROMANA<\/p>\n<p>Alberto Moravia<\/p>\n<p>Tradu\u00e7\u00e3o de Ant\u00f3nio dos Santos<\/p>\n<p>Ano de edi\u00e7\u00e3o: 1982<\/p>\n<p>Editor: Circulo de Leitores<\/p>\n<p>Idioma: Portugu\u00eas<\/p>\n<p>Dimens\u00f5es: 12 x 2.5 x 20 cm<\/p>\n<p>Encaderna\u00e7\u00e3o: Capa dura<\/p>\n<p>P\u00e1ginas: 375<\/p>\n","protected":false},"excerpt":{"rendered":"<p>A ROMANA Alberto Moravia Tradu\u00e7\u00e3o de Ant\u00f3nio dos Santos Ano de edi\u00e7\u00e3o: 1982 Editor: Circulo de Leitores Idioma: Portugu\u00eas Dimens\u00f5es: 12 x 2.5 x 20 cm Encaderna\u00e7\u00e3o: Capa dura P\u00e1ginas: 375<\/p>\n","protected":false},"featured_media":6295,"comment_status":"open","ping_status":"closed","template":"","meta":{"om_disable_all_campaigns":false,"_monsterinsights_skip_tracking":false,"_monsterinsights_sitenote_active":false,"_monsterinsights_sitenote_note":"","_monsterinsights_sitenote_category":0,"_uf_show_specific_survey":0,"_uf_disable_surveys":false},"product_cat":[26],"product_tag":[],"aioseo_notices":[],"jetpack_sharing_enabled":true,"_links":{"self":[{"href":"https:\/\/casadolivreiro.pt\/index.php\/wp-json\/wp\/v2\/product\/6294"}],"collection":[{"href":"https:\/\/casadolivreiro.pt\/index.php\/wp-json\/wp\/v2\/product"}],"about":[{"href":"https:\/\/casadolivreiro.pt\/index.php\/wp-json\/wp\/v2\/types\/product"}],"replies":[{"embeddable":true,"href":"https:\/\/casadolivreiro.pt\/index.php\/wp-json\/wp\/v2\/comments?post=6294"}],"wp:featuredmedia":[{"embeddable":true,"href":"https:\/\/casadolivreiro.pt\/index.php\/wp-json\/wp\/v2\/media\/6295"}],"wp:attachment":[{"href":"https:\/\/casadolivreiro.pt\/index.php\/wp-json\/wp\/v2\/media?parent=6294"}],"wp:term":[{"taxonomy":"product_cat","embeddable":true,"href":"https:\/\/casadolivreiro.pt\/index.php\/wp-json\/wp\/v2\/product_cat?post=6294"},{"taxonomy":"product_tag","embeddable":true,"href":"https:\/\/casadolivreiro.pt\/index.php\/wp-json\/wp\/v2\/product_tag?post=6294"}],"curies":[{"name":"wp","href":"https:\/\/api.w.org\/{rel}","templated":true}]}}