{"id":6292,"date":"2026-02-11T17:11:54","date_gmt":"2026-02-11T17:11:54","guid":{"rendered":"https:\/\/casadolivreiro.pt\/?post_type=product&#038;p=6292"},"modified":"2026-02-11T17:11:54","modified_gmt":"2026-02-11T17:11:54","slug":"os-tambores-de-bronze-jean-larteguy","status":"publish","type":"product","link":"https:\/\/casadolivreiro.pt\/index.php\/product\/os-tambores-de-bronze-jean-larteguy\/","title":{"rendered":"OS TAMBORES DE BRONZE &#8211; Jean Lart\u00e9guy"},"content":{"rendered":"<p>OS TAMBORES DE BRONZE<\/p>\n<p>Jean Lart\u00e9guy<\/p>\n<p>Tradu\u00e7\u00e3o de Bertha Mendes<\/p>\n<p>Ano de edi\u00e7\u00e3o: 1973<\/p>\n<p>Editor: Circulo de Leitores<\/p>\n<p>Idioma: Portugu\u00eas<\/p>\n<p>Dimens\u00f5es: 12 x 2.8 x 20 cm<\/p>\n<p>Encaderna\u00e7\u00e3o: Capa dura<\/p>\n<p>P\u00e1ginas: 410<\/p>\n","protected":false},"excerpt":{"rendered":"<p>OS TAMBORES DE BRONZE Jean Lart\u00e9guy Tradu\u00e7\u00e3o de Bertha Mendes Ano de edi\u00e7\u00e3o: 1973 Editor: Circulo de Leitores Idioma: Portugu\u00eas Dimens\u00f5es: 12 x 2.8 x 20 cm Encaderna\u00e7\u00e3o: Capa dura P\u00e1ginas: 410<\/p>\n","protected":false},"featured_media":6293,"comment_status":"open","ping_status":"closed","template":"","meta":{"om_disable_all_campaigns":false,"_monsterinsights_skip_tracking":false,"_monsterinsights_sitenote_active":false,"_monsterinsights_sitenote_note":"","_monsterinsights_sitenote_category":0,"_uf_show_specific_survey":0,"_uf_disable_surveys":false},"product_cat":[26],"product_tag":[],"aioseo_notices":[],"jetpack_sharing_enabled":true,"_links":{"self":[{"href":"https:\/\/casadolivreiro.pt\/index.php\/wp-json\/wp\/v2\/product\/6292"}],"collection":[{"href":"https:\/\/casadolivreiro.pt\/index.php\/wp-json\/wp\/v2\/product"}],"about":[{"href":"https:\/\/casadolivreiro.pt\/index.php\/wp-json\/wp\/v2\/types\/product"}],"replies":[{"embeddable":true,"href":"https:\/\/casadolivreiro.pt\/index.php\/wp-json\/wp\/v2\/comments?post=6292"}],"wp:featuredmedia":[{"embeddable":true,"href":"https:\/\/casadolivreiro.pt\/index.php\/wp-json\/wp\/v2\/media\/6293"}],"wp:attachment":[{"href":"https:\/\/casadolivreiro.pt\/index.php\/wp-json\/wp\/v2\/media?parent=6292"}],"wp:term":[{"taxonomy":"product_cat","embeddable":true,"href":"https:\/\/casadolivreiro.pt\/index.php\/wp-json\/wp\/v2\/product_cat?post=6292"},{"taxonomy":"product_tag","embeddable":true,"href":"https:\/\/casadolivreiro.pt\/index.php\/wp-json\/wp\/v2\/product_tag?post=6292"}],"curies":[{"name":"wp","href":"https:\/\/api.w.org\/{rel}","templated":true}]}}