{"id":6288,"date":"2026-02-11T17:07:50","date_gmt":"2026-02-11T17:07:50","guid":{"rendered":"https:\/\/casadolivreiro.pt\/?post_type=product&#038;p=6288"},"modified":"2026-02-11T17:07:50","modified_gmt":"2026-02-11T17:07:50","slug":"as-irmas-de-david-moira-forsyth","status":"publish","type":"product","link":"https:\/\/casadolivreiro.pt\/index.php\/product\/as-irmas-de-david-moira-forsyth\/","title":{"rendered":"AS IRM\u00c3S DE DAVID &#8211; Moira Forsyth"},"content":{"rendered":"<p>AS IRM\u00c3S DE DAVID<\/p>\n<p>Moira Forsyth<\/p>\n<p>Tradu\u00e7\u00e3o de Lidia Geer<\/p>\n<p>Ano de edi\u00e7\u00e3o: 2003<\/p>\n<p>Editor: Circulo de Leitores<\/p>\n<p>Idioma: Portugu\u00eas<\/p>\n<p>Dimens\u00f5es: 12 x 2.4 x 20 cm<\/p>\n<p>Encaderna\u00e7\u00e3o: Capa dura<\/p>\n<p>P\u00e1ginas: 398<\/p>\n","protected":false},"excerpt":{"rendered":"<p>AS IRM\u00c3S DE DAVID Moira Forsyth Tradu\u00e7\u00e3o de Lidia Geer Ano de edi\u00e7\u00e3o: 2003 Editor: Circulo de Leitores Idioma: Portugu\u00eas Dimens\u00f5es: 12 x 2.4 x 20 cm Encaderna\u00e7\u00e3o: Capa dura P\u00e1ginas: 398<\/p>\n","protected":false},"featured_media":6289,"comment_status":"open","ping_status":"closed","template":"","meta":{"om_disable_all_campaigns":false,"_monsterinsights_skip_tracking":false,"_monsterinsights_sitenote_active":false,"_monsterinsights_sitenote_note":"","_monsterinsights_sitenote_category":0,"_uf_show_specific_survey":0,"_uf_disable_surveys":false},"product_cat":[26],"product_tag":[],"aioseo_notices":[],"jetpack_sharing_enabled":true,"_links":{"self":[{"href":"https:\/\/casadolivreiro.pt\/index.php\/wp-json\/wp\/v2\/product\/6288"}],"collection":[{"href":"https:\/\/casadolivreiro.pt\/index.php\/wp-json\/wp\/v2\/product"}],"about":[{"href":"https:\/\/casadolivreiro.pt\/index.php\/wp-json\/wp\/v2\/types\/product"}],"replies":[{"embeddable":true,"href":"https:\/\/casadolivreiro.pt\/index.php\/wp-json\/wp\/v2\/comments?post=6288"}],"wp:featuredmedia":[{"embeddable":true,"href":"https:\/\/casadolivreiro.pt\/index.php\/wp-json\/wp\/v2\/media\/6289"}],"wp:attachment":[{"href":"https:\/\/casadolivreiro.pt\/index.php\/wp-json\/wp\/v2\/media?parent=6288"}],"wp:term":[{"taxonomy":"product_cat","embeddable":true,"href":"https:\/\/casadolivreiro.pt\/index.php\/wp-json\/wp\/v2\/product_cat?post=6288"},{"taxonomy":"product_tag","embeddable":true,"href":"https:\/\/casadolivreiro.pt\/index.php\/wp-json\/wp\/v2\/product_tag?post=6288"}],"curies":[{"name":"wp","href":"https:\/\/api.w.org\/{rel}","templated":true}]}}