{"id":6282,"date":"2026-02-11T16:56:43","date_gmt":"2026-02-11T16:56:43","guid":{"rendered":"https:\/\/casadolivreiro.pt\/?post_type=product&#038;p=6282"},"modified":"2026-02-11T16:56:43","modified_gmt":"2026-02-11T16:56:43","slug":"dolores-jacqueline-susann","status":"publish","type":"product","link":"https:\/\/casadolivreiro.pt\/index.php\/product\/dolores-jacqueline-susann\/","title":{"rendered":"DOLORES &#8211; Jacqueline Susann"},"content":{"rendered":"<p>DOLORES<\/p>\n<p>Jacqueline Susann<\/p>\n<p>Tradu\u00e7\u00e3o de Maria Adozinda Oliveira Soares<\/p>\n<p>Ano de edi\u00e7\u00e3o: 1977<\/p>\n<p>Editor: Circulo de Leitores<\/p>\n<p>Idioma: Portugu\u00eas<\/p>\n<p>Dimens\u00f5es: 12 x 1.5 x 20 cm<\/p>\n<p>Encaderna\u00e7\u00e3o: Capa dura<\/p>\n<p>P\u00e1ginas: 157<\/p>\n","protected":false},"excerpt":{"rendered":"<p>DOLORES Jacqueline Susann Tradu\u00e7\u00e3o de Maria Adozinda Oliveira Soares Ano de edi\u00e7\u00e3o: 1977 Editor: Circulo de Leitores Idioma: Portugu\u00eas Dimens\u00f5es: 12 x 1.5 x 20 cm Encaderna\u00e7\u00e3o: Capa dura P\u00e1ginas: 157<\/p>\n","protected":false},"featured_media":6283,"comment_status":"open","ping_status":"closed","template":"","meta":{"om_disable_all_campaigns":false,"_monsterinsights_skip_tracking":false,"_monsterinsights_sitenote_active":false,"_monsterinsights_sitenote_note":"","_monsterinsights_sitenote_category":0,"_uf_show_specific_survey":0,"_uf_disable_surveys":false},"product_cat":[26],"product_tag":[],"aioseo_notices":[],"jetpack_sharing_enabled":true,"_links":{"self":[{"href":"https:\/\/casadolivreiro.pt\/index.php\/wp-json\/wp\/v2\/product\/6282"}],"collection":[{"href":"https:\/\/casadolivreiro.pt\/index.php\/wp-json\/wp\/v2\/product"}],"about":[{"href":"https:\/\/casadolivreiro.pt\/index.php\/wp-json\/wp\/v2\/types\/product"}],"replies":[{"embeddable":true,"href":"https:\/\/casadolivreiro.pt\/index.php\/wp-json\/wp\/v2\/comments?post=6282"}],"wp:featuredmedia":[{"embeddable":true,"href":"https:\/\/casadolivreiro.pt\/index.php\/wp-json\/wp\/v2\/media\/6283"}],"wp:attachment":[{"href":"https:\/\/casadolivreiro.pt\/index.php\/wp-json\/wp\/v2\/media?parent=6282"}],"wp:term":[{"taxonomy":"product_cat","embeddable":true,"href":"https:\/\/casadolivreiro.pt\/index.php\/wp-json\/wp\/v2\/product_cat?post=6282"},{"taxonomy":"product_tag","embeddable":true,"href":"https:\/\/casadolivreiro.pt\/index.php\/wp-json\/wp\/v2\/product_tag?post=6282"}],"curies":[{"name":"wp","href":"https:\/\/api.w.org\/{rel}","templated":true}]}}