{"id":6280,"date":"2026-02-11T16:54:26","date_gmt":"2026-02-11T16:54:26","guid":{"rendered":"https:\/\/casadolivreiro.pt\/?post_type=product&#038;p=6280"},"modified":"2026-02-11T16:54:26","modified_gmt":"2026-02-11T16:54:26","slug":"orbita-thomas-h-block","status":"publish","type":"product","link":"https:\/\/casadolivreiro.pt\/index.php\/product\/orbita-thomas-h-block\/","title":{"rendered":"\u00d3RBITA &#8211; Thomas H. Block"},"content":{"rendered":"<p>\u00d3RBITA<\/p>\n<p>Thomas H. Block<\/p>\n<p>Tradu\u00e7\u00e3o de Maria Adelaide Namorado Freire<\/p>\n<p>Ano de edi\u00e7\u00e3o: 1983<\/p>\n<p>Editor: Circulo de Leitores<\/p>\n<p>Idioma: Portugu\u00eas<\/p>\n<p>Dimens\u00f5es: 12 x 2 x 20 cm<\/p>\n<p>Encaderna\u00e7\u00e3o: Capa dura<\/p>\n<p>P\u00e1ginas: 301<\/p>\n","protected":false},"excerpt":{"rendered":"<p>\u00d3RBITA Thomas H. Block Tradu\u00e7\u00e3o de Maria Adelaide Namorado Freire Ano de edi\u00e7\u00e3o: 1983 Editor: Circulo de Leitores Idioma: Portugu\u00eas Dimens\u00f5es: 12 x 2 x 20 cm Encaderna\u00e7\u00e3o: Capa dura P\u00e1ginas: 301<\/p>\n","protected":false},"featured_media":6281,"comment_status":"open","ping_status":"closed","template":"","meta":{"om_disable_all_campaigns":false,"_monsterinsights_skip_tracking":false,"_monsterinsights_sitenote_active":false,"_monsterinsights_sitenote_note":"","_monsterinsights_sitenote_category":0,"_uf_show_specific_survey":0,"_uf_disable_surveys":false},"product_cat":[26],"product_tag":[],"aioseo_notices":[],"jetpack_sharing_enabled":true,"_links":{"self":[{"href":"https:\/\/casadolivreiro.pt\/index.php\/wp-json\/wp\/v2\/product\/6280"}],"collection":[{"href":"https:\/\/casadolivreiro.pt\/index.php\/wp-json\/wp\/v2\/product"}],"about":[{"href":"https:\/\/casadolivreiro.pt\/index.php\/wp-json\/wp\/v2\/types\/product"}],"replies":[{"embeddable":true,"href":"https:\/\/casadolivreiro.pt\/index.php\/wp-json\/wp\/v2\/comments?post=6280"}],"wp:featuredmedia":[{"embeddable":true,"href":"https:\/\/casadolivreiro.pt\/index.php\/wp-json\/wp\/v2\/media\/6281"}],"wp:attachment":[{"href":"https:\/\/casadolivreiro.pt\/index.php\/wp-json\/wp\/v2\/media?parent=6280"}],"wp:term":[{"taxonomy":"product_cat","embeddable":true,"href":"https:\/\/casadolivreiro.pt\/index.php\/wp-json\/wp\/v2\/product_cat?post=6280"},{"taxonomy":"product_tag","embeddable":true,"href":"https:\/\/casadolivreiro.pt\/index.php\/wp-json\/wp\/v2\/product_tag?post=6280"}],"curies":[{"name":"wp","href":"https:\/\/api.w.org\/{rel}","templated":true}]}}