{"id":6274,"date":"2026-02-11T16:47:51","date_gmt":"2026-02-11T16:47:51","guid":{"rendered":"https:\/\/casadolivreiro.pt\/?post_type=product&#038;p=6274"},"modified":"2026-02-11T16:47:51","modified_gmt":"2026-02-11T16:47:51","slug":"o-franciscano-de-bourges-marc-toledano-2","status":"publish","type":"product","link":"https:\/\/casadolivreiro.pt\/index.php\/product\/o-franciscano-de-bourges-marc-toledano-2\/","title":{"rendered":"O FRANCISCANO DE BOURGES &#8211; Marc Toledano"},"content":{"rendered":"<p>O FRANCISCANO DE BOURGES<\/p>\n<p>Marc Toledano<\/p>\n<p>Tradu\u00e7\u00e3o de A. Garcia Fernandes<\/p>\n<p>Ano de edi\u00e7\u00e3o: 1973<\/p>\n<p>Editor: Circulo de Leitores<\/p>\n<p>Idioma: Portugu\u00eas<\/p>\n<p>Dimens\u00f5es: 12 x 1.7 x 20 cm<\/p>\n<p>Encaderna\u00e7\u00e3o: Capa dura<\/p>\n<p>P\u00e1ginas: 192<\/p>\n","protected":false},"excerpt":{"rendered":"<p>O FRANCISCANO DE BOURGES Marc Toledano Tradu\u00e7\u00e3o de A. Garcia Fernandes Ano de edi\u00e7\u00e3o: 1973 Editor: Circulo de Leitores Idioma: Portugu\u00eas Dimens\u00f5es: 12 x 1.7 x 20 cm Encaderna\u00e7\u00e3o: Capa dura P\u00e1ginas: 192<\/p>\n","protected":false},"featured_media":6275,"comment_status":"open","ping_status":"closed","template":"","meta":{"om_disable_all_campaigns":false,"_monsterinsights_skip_tracking":false,"_monsterinsights_sitenote_active":false,"_monsterinsights_sitenote_note":"","_monsterinsights_sitenote_category":0,"_uf_show_specific_survey":0,"_uf_disable_surveys":false},"product_cat":[26],"product_tag":[],"aioseo_notices":[],"jetpack_sharing_enabled":true,"_links":{"self":[{"href":"https:\/\/casadolivreiro.pt\/index.php\/wp-json\/wp\/v2\/product\/6274"}],"collection":[{"href":"https:\/\/casadolivreiro.pt\/index.php\/wp-json\/wp\/v2\/product"}],"about":[{"href":"https:\/\/casadolivreiro.pt\/index.php\/wp-json\/wp\/v2\/types\/product"}],"replies":[{"embeddable":true,"href":"https:\/\/casadolivreiro.pt\/index.php\/wp-json\/wp\/v2\/comments?post=6274"}],"wp:featuredmedia":[{"embeddable":true,"href":"https:\/\/casadolivreiro.pt\/index.php\/wp-json\/wp\/v2\/media\/6275"}],"wp:attachment":[{"href":"https:\/\/casadolivreiro.pt\/index.php\/wp-json\/wp\/v2\/media?parent=6274"}],"wp:term":[{"taxonomy":"product_cat","embeddable":true,"href":"https:\/\/casadolivreiro.pt\/index.php\/wp-json\/wp\/v2\/product_cat?post=6274"},{"taxonomy":"product_tag","embeddable":true,"href":"https:\/\/casadolivreiro.pt\/index.php\/wp-json\/wp\/v2\/product_tag?post=6274"}],"curies":[{"name":"wp","href":"https:\/\/api.w.org\/{rel}","templated":true}]}}