{"id":627,"date":"2024-03-15T14:01:10","date_gmt":"2024-03-15T14:01:10","guid":{"rendered":"https:\/\/casadolivreiro.pt\/?post_type=product&#038;p=627"},"modified":"2025-02-21T23:29:12","modified_gmt":"2025-02-21T23:29:12","slug":"evolucao-da-economia-portuguesa-1963-1966-e-outros-estudos-eduardo-guerra","status":"publish","type":"product","link":"https:\/\/casadolivreiro.pt\/index.php\/product\/evolucao-da-economia-portuguesa-1963-1966-e-outros-estudos-eduardo-guerra\/","title":{"rendered":"EVOLU\u00c7\u00c3O DA ECONOMIA PORTUGUESA (1963 \u2013 1966) e outros estudos &#8211; Eduardo Guerra"},"content":{"rendered":"<p>EVOLU\u00c7\u00c3O DA ECONOMIA PORTUGUESA (1963 \u2013 1966) e outros estudos<br \/>\nEduardo Guerra<br \/>\nAno de edi\u00e7\u00e3o: 1967<br \/>\nEditor: Seara Nova, Lisboa<br \/>\nIdioma: Portugu\u00eas<br \/>\nDimens\u00f5es: 14 x 1.4 x 22.4 cm<br \/>\nEncaderna\u00e7\u00e3o: Capa mole<br \/>\nP\u00e1ginas: 249<br \/>\nBiblioteca de Estudos sobre a Sociedade e a Cultura Portuguesa.<\/p>\n<p>Pedro Lains no seu estudo intitulado O Estado e a industrializa\u00e7\u00e3o em Portugal 1945-1990, sugere que Eduardo Guerra ser\u00e1 um pseud\u00f3nimo e enquadra o autor no grupo de economistas que criticaram as op\u00e7\u00f5es de pol\u00edtica econ\u00f3mica do Estado Novo, no fim da vida de Salazar.<\/p>\n","protected":false},"excerpt":{"rendered":"<p>EVOLU\u00c7\u00c3O DA ECONOMIA PORTUGUESA (1963 \u2013 1966) e outros estudos Eduardo Guerra Ano de edi\u00e7\u00e3o: 1967 Editor: Seara Nova, Lisboa Idioma: Portugu\u00eas Dimens\u00f5es: 14 x 1.4 x 22.4 cm Encaderna\u00e7\u00e3o: Capa mole P\u00e1ginas: 249 Biblioteca de Estudos sobre a Sociedade e a Cultura Portuguesa. Pedro Lains no seu estudo intitulado O Estado e a industrializa\u00e7\u00e3o [&hellip;]<\/p>\n","protected":false},"featured_media":629,"comment_status":"open","ping_status":"closed","template":"","meta":{"om_disable_all_campaigns":false,"_monsterinsights_skip_tracking":false,"_monsterinsights_sitenote_active":false,"_monsterinsights_sitenote_note":"","_monsterinsights_sitenote_category":0,"_uf_show_specific_survey":0,"_uf_disable_surveys":false},"product_cat":[32,41,47,30],"product_tag":[],"aioseo_notices":[],"jetpack_sharing_enabled":true,"_links":{"self":[{"href":"https:\/\/casadolivreiro.pt\/index.php\/wp-json\/wp\/v2\/product\/627"}],"collection":[{"href":"https:\/\/casadolivreiro.pt\/index.php\/wp-json\/wp\/v2\/product"}],"about":[{"href":"https:\/\/casadolivreiro.pt\/index.php\/wp-json\/wp\/v2\/types\/product"}],"replies":[{"embeddable":true,"href":"https:\/\/casadolivreiro.pt\/index.php\/wp-json\/wp\/v2\/comments?post=627"}],"wp:featuredmedia":[{"embeddable":true,"href":"https:\/\/casadolivreiro.pt\/index.php\/wp-json\/wp\/v2\/media\/629"}],"wp:attachment":[{"href":"https:\/\/casadolivreiro.pt\/index.php\/wp-json\/wp\/v2\/media?parent=627"}],"wp:term":[{"taxonomy":"product_cat","embeddable":true,"href":"https:\/\/casadolivreiro.pt\/index.php\/wp-json\/wp\/v2\/product_cat?post=627"},{"taxonomy":"product_tag","embeddable":true,"href":"https:\/\/casadolivreiro.pt\/index.php\/wp-json\/wp\/v2\/product_tag?post=627"}],"curies":[{"name":"wp","href":"https:\/\/api.w.org\/{rel}","templated":true}]}}