{"id":6267,"date":"2026-02-11T16:40:02","date_gmt":"2026-02-11T16:40:02","guid":{"rendered":"https:\/\/casadolivreiro.pt\/?post_type=product&#038;p=6267"},"modified":"2026-02-11T16:40:02","modified_gmt":"2026-02-11T16:40:02","slug":"os-vice-reis-federico-de-roberto","status":"publish","type":"product","link":"https:\/\/casadolivreiro.pt\/index.php\/product\/os-vice-reis-federico-de-roberto\/","title":{"rendered":"OS VICE-REIS &#8211; Federico de Roberto"},"content":{"rendered":"<p>OS VICE-REIS<\/p>\n<p>Federico de Roberto<\/p>\n<p>Tradu\u00e7\u00e3o de Maria Regina de Vasconcelos e Arnaldo Aboim<\/p>\n<p>Ano de edi\u00e7\u00e3o: 1963<\/p>\n<p>Editor: Editora Arc\u00e1dia<\/p>\n<p>Idioma: Portugu\u00eas<\/p>\n<p>Dimens\u00f5es: 14 x 4.5 x 21 cm<\/p>\n<p>Encaderna\u00e7\u00e3o: Capa dura<\/p>\n<p>P\u00e1ginas: 622<\/p>\n","protected":false},"excerpt":{"rendered":"<p>OS VICE-REIS Federico de Roberto Tradu\u00e7\u00e3o de Maria Regina de Vasconcelos e Arnaldo Aboim Ano de edi\u00e7\u00e3o: 1963 Editor: Editora Arc\u00e1dia Idioma: Portugu\u00eas Dimens\u00f5es: 14 x 4.5 x 21 cm Encaderna\u00e7\u00e3o: Capa dura P\u00e1ginas: 622<\/p>\n","protected":false},"featured_media":6268,"comment_status":"open","ping_status":"closed","template":"","meta":{"om_disable_all_campaigns":false,"_monsterinsights_skip_tracking":false,"_monsterinsights_sitenote_active":false,"_monsterinsights_sitenote_note":"","_monsterinsights_sitenote_category":0,"_uf_show_specific_survey":0,"_uf_disable_surveys":false},"product_cat":[26],"product_tag":[],"aioseo_notices":[],"jetpack_sharing_enabled":true,"_links":{"self":[{"href":"https:\/\/casadolivreiro.pt\/index.php\/wp-json\/wp\/v2\/product\/6267"}],"collection":[{"href":"https:\/\/casadolivreiro.pt\/index.php\/wp-json\/wp\/v2\/product"}],"about":[{"href":"https:\/\/casadolivreiro.pt\/index.php\/wp-json\/wp\/v2\/types\/product"}],"replies":[{"embeddable":true,"href":"https:\/\/casadolivreiro.pt\/index.php\/wp-json\/wp\/v2\/comments?post=6267"}],"wp:featuredmedia":[{"embeddable":true,"href":"https:\/\/casadolivreiro.pt\/index.php\/wp-json\/wp\/v2\/media\/6268"}],"wp:attachment":[{"href":"https:\/\/casadolivreiro.pt\/index.php\/wp-json\/wp\/v2\/media?parent=6267"}],"wp:term":[{"taxonomy":"product_cat","embeddable":true,"href":"https:\/\/casadolivreiro.pt\/index.php\/wp-json\/wp\/v2\/product_cat?post=6267"},{"taxonomy":"product_tag","embeddable":true,"href":"https:\/\/casadolivreiro.pt\/index.php\/wp-json\/wp\/v2\/product_tag?post=6267"}],"curies":[{"name":"wp","href":"https:\/\/api.w.org\/{rel}","templated":true}]}}