{"id":6265,"date":"2026-02-11T16:37:08","date_gmt":"2026-02-11T16:37:08","guid":{"rendered":"https:\/\/casadolivreiro.pt\/?post_type=product&#038;p=6265"},"modified":"2026-02-11T16:37:08","modified_gmt":"2026-02-11T16:37:08","slug":"o-codogo-dos-wooster-p-g-wodehouse","status":"publish","type":"product","link":"https:\/\/casadolivreiro.pt\/index.php\/product\/o-codogo-dos-wooster-p-g-wodehouse\/","title":{"rendered":"O C\u00d3DOGO DOS WOOSTER &#8211; P.G. Wodehouse"},"content":{"rendered":"<p>O C\u00d3DOGO DOS WOOSTER<\/p>\n<p>P.G. Wodehouse<\/p>\n<p>Tradu\u00e7\u00e3o de Ernesto Carvalho<\/p>\n<p>Ano de edi\u00e7\u00e3o: 2007<\/p>\n<p>Editor: Edi\u00e7\u00f5es Cotovia<\/p>\n<p>Idioma: Portugu\u00eas<\/p>\n<p>Dimens\u00f5es: 13 x 1.4 x 21 cm<\/p>\n<p>Encaderna\u00e7\u00e3o: Capa dura<\/p>\n<p>P\u00e1ginas: 214<\/p>\n","protected":false},"excerpt":{"rendered":"<p>O C\u00d3DOGO DOS WOOSTER P.G. Wodehouse Tradu\u00e7\u00e3o de Ernesto Carvalho Ano de edi\u00e7\u00e3o: 2007 Editor: Edi\u00e7\u00f5es Cotovia Idioma: Portugu\u00eas Dimens\u00f5es: 13 x 1.4 x 21 cm Encaderna\u00e7\u00e3o: Capa dura P\u00e1ginas: 214<\/p>\n","protected":false},"featured_media":6266,"comment_status":"open","ping_status":"closed","template":"","meta":{"om_disable_all_campaigns":false,"_monsterinsights_skip_tracking":false,"_monsterinsights_sitenote_active":false,"_monsterinsights_sitenote_note":"","_monsterinsights_sitenote_category":0,"_uf_show_specific_survey":0,"_uf_disable_surveys":false},"product_cat":[26],"product_tag":[],"aioseo_notices":[],"jetpack_sharing_enabled":true,"_links":{"self":[{"href":"https:\/\/casadolivreiro.pt\/index.php\/wp-json\/wp\/v2\/product\/6265"}],"collection":[{"href":"https:\/\/casadolivreiro.pt\/index.php\/wp-json\/wp\/v2\/product"}],"about":[{"href":"https:\/\/casadolivreiro.pt\/index.php\/wp-json\/wp\/v2\/types\/product"}],"replies":[{"embeddable":true,"href":"https:\/\/casadolivreiro.pt\/index.php\/wp-json\/wp\/v2\/comments?post=6265"}],"wp:featuredmedia":[{"embeddable":true,"href":"https:\/\/casadolivreiro.pt\/index.php\/wp-json\/wp\/v2\/media\/6266"}],"wp:attachment":[{"href":"https:\/\/casadolivreiro.pt\/index.php\/wp-json\/wp\/v2\/media?parent=6265"}],"wp:term":[{"taxonomy":"product_cat","embeddable":true,"href":"https:\/\/casadolivreiro.pt\/index.php\/wp-json\/wp\/v2\/product_cat?post=6265"},{"taxonomy":"product_tag","embeddable":true,"href":"https:\/\/casadolivreiro.pt\/index.php\/wp-json\/wp\/v2\/product_tag?post=6265"}],"curies":[{"name":"wp","href":"https:\/\/api.w.org\/{rel}","templated":true}]}}