{"id":6261,"date":"2026-02-11T16:33:55","date_gmt":"2026-02-11T16:33:55","guid":{"rendered":"https:\/\/casadolivreiro.pt\/?post_type=product&#038;p=6261"},"modified":"2026-02-11T16:33:55","modified_gmt":"2026-02-11T16:33:55","slug":"mayday-uma-operacao-tragica-thomas-h-block","status":"publish","type":"product","link":"https:\/\/casadolivreiro.pt\/index.php\/product\/mayday-uma-operacao-tragica-thomas-h-block\/","title":{"rendered":"MAYDAY: UMA OPERA\u00c7\u00c3O TR\u00c1GICA &#8211; Thomas H. Block"},"content":{"rendered":"<p>MAYDAY: UMA OPERA\u00c7\u00c3O TR\u00c1GICA<\/p>\n<p>Thomas H. Block<\/p>\n<p>Tradu\u00e7\u00e3o de Ana Sal\u00f3<\/p>\n<p>Ano de edi\u00e7\u00e3o: 1981<\/p>\n<p>Editor: Circulo de Leitores<\/p>\n<p>Idioma: Portugu\u00eas<\/p>\n<p>Dimens\u00f5es: 12.3 x 2.3 x 20 cm<\/p>\n<p>Encaderna\u00e7\u00e3o: Capa dura<\/p>\n<p>P\u00e1ginas: 345<\/p>\n","protected":false},"excerpt":{"rendered":"<p>MAYDAY: UMA OPERA\u00c7\u00c3O TR\u00c1GICA Thomas H. Block Tradu\u00e7\u00e3o de Ana Sal\u00f3 Ano de edi\u00e7\u00e3o: 1981 Editor: Circulo de Leitores Idioma: Portugu\u00eas Dimens\u00f5es: 12.3 x 2.3 x 20 cm Encaderna\u00e7\u00e3o: Capa dura P\u00e1ginas: 345<\/p>\n","protected":false},"featured_media":6262,"comment_status":"open","ping_status":"closed","template":"","meta":{"om_disable_all_campaigns":false,"_monsterinsights_skip_tracking":false,"_monsterinsights_sitenote_active":false,"_monsterinsights_sitenote_note":"","_monsterinsights_sitenote_category":0,"_uf_show_specific_survey":0,"_uf_disable_surveys":false},"product_cat":[26],"product_tag":[],"aioseo_notices":[],"jetpack_sharing_enabled":true,"_links":{"self":[{"href":"https:\/\/casadolivreiro.pt\/index.php\/wp-json\/wp\/v2\/product\/6261"}],"collection":[{"href":"https:\/\/casadolivreiro.pt\/index.php\/wp-json\/wp\/v2\/product"}],"about":[{"href":"https:\/\/casadolivreiro.pt\/index.php\/wp-json\/wp\/v2\/types\/product"}],"replies":[{"embeddable":true,"href":"https:\/\/casadolivreiro.pt\/index.php\/wp-json\/wp\/v2\/comments?post=6261"}],"wp:featuredmedia":[{"embeddable":true,"href":"https:\/\/casadolivreiro.pt\/index.php\/wp-json\/wp\/v2\/media\/6262"}],"wp:attachment":[{"href":"https:\/\/casadolivreiro.pt\/index.php\/wp-json\/wp\/v2\/media?parent=6261"}],"wp:term":[{"taxonomy":"product_cat","embeddable":true,"href":"https:\/\/casadolivreiro.pt\/index.php\/wp-json\/wp\/v2\/product_cat?post=6261"},{"taxonomy":"product_tag","embeddable":true,"href":"https:\/\/casadolivreiro.pt\/index.php\/wp-json\/wp\/v2\/product_tag?post=6261"}],"curies":[{"name":"wp","href":"https:\/\/api.w.org\/{rel}","templated":true}]}}