{"id":6250,"date":"2026-02-11T16:23:31","date_gmt":"2026-02-11T16:23:31","guid":{"rendered":"https:\/\/casadolivreiro.pt\/?post_type=product&#038;p=6250"},"modified":"2026-02-11T16:23:31","modified_gmt":"2026-02-11T16:23:31","slug":"o-sibarita-william-styron","status":"publish","type":"product","link":"https:\/\/casadolivreiro.pt\/index.php\/product\/o-sibarita-william-styron\/","title":{"rendered":"O SIBARITA &#8211; William Styron"},"content":{"rendered":"<p>O SIBARITA<\/p>\n<p>William Styron<\/p>\n<p>Tradu\u00e7\u00e3o de Fernanda Pinto Rodriguez<\/p>\n<p>Ano de edi\u00e7\u00e3o: 1966\u00a0 (1.\u00aa edi\u00e7\u00e3o)<\/p>\n<p>Editor: Editorial Minerva<\/p>\n<p>Idioma: Portugu\u00eas<\/p>\n<p>Dimens\u00f5es: 14 x 4 x 21.5 cm<\/p>\n<p>Encaderna\u00e7\u00e3o: Capa dura<\/p>\n<p>P\u00e1ginas: 481<\/p>\n","protected":false},"excerpt":{"rendered":"<p>O SIBARITA William Styron Tradu\u00e7\u00e3o de Fernanda Pinto Rodriguez Ano de edi\u00e7\u00e3o: 1966\u00a0 (1.\u00aa edi\u00e7\u00e3o) Editor: Editorial Minerva Idioma: Portugu\u00eas Dimens\u00f5es: 14 x 4 x 21.5 cm Encaderna\u00e7\u00e3o: Capa dura P\u00e1ginas: 481<\/p>\n","protected":false},"featured_media":6251,"comment_status":"open","ping_status":"closed","template":"","meta":{"om_disable_all_campaigns":false,"_monsterinsights_skip_tracking":false,"_monsterinsights_sitenote_active":false,"_monsterinsights_sitenote_note":"","_monsterinsights_sitenote_category":0,"_uf_show_specific_survey":0,"_uf_disable_surveys":false},"product_cat":[26],"product_tag":[],"aioseo_notices":[],"jetpack_sharing_enabled":true,"_links":{"self":[{"href":"https:\/\/casadolivreiro.pt\/index.php\/wp-json\/wp\/v2\/product\/6250"}],"collection":[{"href":"https:\/\/casadolivreiro.pt\/index.php\/wp-json\/wp\/v2\/product"}],"about":[{"href":"https:\/\/casadolivreiro.pt\/index.php\/wp-json\/wp\/v2\/types\/product"}],"replies":[{"embeddable":true,"href":"https:\/\/casadolivreiro.pt\/index.php\/wp-json\/wp\/v2\/comments?post=6250"}],"wp:featuredmedia":[{"embeddable":true,"href":"https:\/\/casadolivreiro.pt\/index.php\/wp-json\/wp\/v2\/media\/6251"}],"wp:attachment":[{"href":"https:\/\/casadolivreiro.pt\/index.php\/wp-json\/wp\/v2\/media?parent=6250"}],"wp:term":[{"taxonomy":"product_cat","embeddable":true,"href":"https:\/\/casadolivreiro.pt\/index.php\/wp-json\/wp\/v2\/product_cat?post=6250"},{"taxonomy":"product_tag","embeddable":true,"href":"https:\/\/casadolivreiro.pt\/index.php\/wp-json\/wp\/v2\/product_tag?post=6250"}],"curies":[{"name":"wp","href":"https:\/\/api.w.org\/{rel}","templated":true}]}}