{"id":625,"date":"2024-03-15T13:48:03","date_gmt":"2024-03-15T13:48:03","guid":{"rendered":"https:\/\/casadolivreiro.pt\/?post_type=product&#038;p=625"},"modified":"2024-03-15T13:48:03","modified_gmt":"2024-03-15T13:48:03","slug":"sobre-o-divorcio-anotacoes-aos-artigos-1773-a-1895-d-do-codigo-civil-jose-antonio-de-franca-pitao","status":"publish","type":"product","link":"https:\/\/casadolivreiro.pt\/index.php\/product\/sobre-o-divorcio-anotacoes-aos-artigos-1773-a-1895-d-do-codigo-civil-jose-antonio-de-franca-pitao\/","title":{"rendered":"SOBRE O DIV\u00d3RCIO: (Anota\u00e7\u00f5es aos artigos 1773. a 1895. \u2013 D do C\u00f3digo Civil) Jos\u00e9 Ant\u00f3nio de Fran\u00e7a Pit\u00e3o"},"content":{"rendered":"<p>SOBRE O DIV\u00d3RCIO: (Anota\u00e7\u00f5es aos artigos 1773. a 1895. \u2013 D do C\u00f3digo Civil)<br \/>\nJos\u00e9 Ant\u00f3nio de Fran\u00e7a Pit\u00e3o<br \/>\nAno de edi\u00e7\u00e3o: 1986<br \/>\nEditor: Livraria Almedina, Coimbra<br \/>\nIdioma: Portugu\u00eas<br \/>\nDimens\u00f5es: 16 x 1.2 x 23 cm<br \/>\nEncaderna\u00e7\u00e3o: Capa mole<br \/>\nP\u00e1ginas: 208<\/p>\n","protected":false},"excerpt":{"rendered":"<p>SOBRE O DIV\u00d3RCIO: (Anota\u00e7\u00f5es aos artigos 1773. a 1895. \u2013 D do C\u00f3digo Civil) Jos\u00e9 Ant\u00f3nio de Fran\u00e7a Pit\u00e3o Ano de edi\u00e7\u00e3o: 1986 Editor: Livraria Almedina, Coimbra Idioma: Portugu\u00eas Dimens\u00f5es: 16 x 1.2 x 23 cm Encaderna\u00e7\u00e3o: Capa mole P\u00e1ginas: 208<\/p>\n","protected":false},"featured_media":626,"comment_status":"open","ping_status":"closed","template":"","meta":{"om_disable_all_campaigns":false,"_monsterinsights_skip_tracking":false,"_monsterinsights_sitenote_active":false,"_monsterinsights_sitenote_note":"","_monsterinsights_sitenote_category":0,"_uf_show_specific_survey":0,"_uf_disable_surveys":false},"product_cat":[42],"product_tag":[],"aioseo_notices":[],"jetpack_sharing_enabled":true,"_links":{"self":[{"href":"https:\/\/casadolivreiro.pt\/index.php\/wp-json\/wp\/v2\/product\/625"}],"collection":[{"href":"https:\/\/casadolivreiro.pt\/index.php\/wp-json\/wp\/v2\/product"}],"about":[{"href":"https:\/\/casadolivreiro.pt\/index.php\/wp-json\/wp\/v2\/types\/product"}],"replies":[{"embeddable":true,"href":"https:\/\/casadolivreiro.pt\/index.php\/wp-json\/wp\/v2\/comments?post=625"}],"wp:featuredmedia":[{"embeddable":true,"href":"https:\/\/casadolivreiro.pt\/index.php\/wp-json\/wp\/v2\/media\/626"}],"wp:attachment":[{"href":"https:\/\/casadolivreiro.pt\/index.php\/wp-json\/wp\/v2\/media?parent=625"}],"wp:term":[{"taxonomy":"product_cat","embeddable":true,"href":"https:\/\/casadolivreiro.pt\/index.php\/wp-json\/wp\/v2\/product_cat?post=625"},{"taxonomy":"product_tag","embeddable":true,"href":"https:\/\/casadolivreiro.pt\/index.php\/wp-json\/wp\/v2\/product_tag?post=625"}],"curies":[{"name":"wp","href":"https:\/\/api.w.org\/{rel}","templated":true}]}}