{"id":6243,"date":"2026-02-07T00:14:26","date_gmt":"2026-02-07T00:14:26","guid":{"rendered":"https:\/\/casadolivreiro.pt\/?post_type=product&#038;p=6243"},"modified":"2026-02-07T00:14:26","modified_gmt":"2026-02-07T00:14:26","slug":"o-fim-da-aventura-graham-greene-2","status":"publish","type":"product","link":"https:\/\/casadolivreiro.pt\/index.php\/product\/o-fim-da-aventura-graham-greene-2\/","title":{"rendered":"O FIM DA AVENTURA &#8211; Graham Greene"},"content":{"rendered":"<p>O FIM DA AVENTURA<\/p>\n<p>Graham Greene<\/p>\n<p>Tradu\u00e7\u00e3o de Jorge de Sena<\/p>\n<p>Ano de edi\u00e7\u00e3o: 1965<\/p>\n<p>Editor: Estudios Cor, Lisboa<\/p>\n<p>Idioma: Portugu\u00eas<\/p>\n<p>Dimens\u00f5es: 13.5 x 2.1 x 19 cm<\/p>\n<p>Encaderna\u00e7\u00e3o: Capa mole<\/p>\n<p>P\u00e1ginas: 280<\/p>\n","protected":false},"excerpt":{"rendered":"<p>O FIM DA AVENTURA Graham Greene Tradu\u00e7\u00e3o de Jorge de Sena Ano de edi\u00e7\u00e3o: 1965 Editor: Estudios Cor, Lisboa Idioma: Portugu\u00eas Dimens\u00f5es: 13.5 x 2.1 x 19 cm Encaderna\u00e7\u00e3o: Capa mole P\u00e1ginas: 280<\/p>\n","protected":false},"featured_media":6244,"comment_status":"open","ping_status":"closed","template":"","meta":{"om_disable_all_campaigns":false,"_monsterinsights_skip_tracking":false,"_monsterinsights_sitenote_active":false,"_monsterinsights_sitenote_note":"","_monsterinsights_sitenote_category":0,"_uf_show_specific_survey":0,"_uf_disable_surveys":false},"product_cat":[26],"product_tag":[],"aioseo_notices":[],"jetpack_sharing_enabled":true,"_links":{"self":[{"href":"https:\/\/casadolivreiro.pt\/index.php\/wp-json\/wp\/v2\/product\/6243"}],"collection":[{"href":"https:\/\/casadolivreiro.pt\/index.php\/wp-json\/wp\/v2\/product"}],"about":[{"href":"https:\/\/casadolivreiro.pt\/index.php\/wp-json\/wp\/v2\/types\/product"}],"replies":[{"embeddable":true,"href":"https:\/\/casadolivreiro.pt\/index.php\/wp-json\/wp\/v2\/comments?post=6243"}],"wp:featuredmedia":[{"embeddable":true,"href":"https:\/\/casadolivreiro.pt\/index.php\/wp-json\/wp\/v2\/media\/6244"}],"wp:attachment":[{"href":"https:\/\/casadolivreiro.pt\/index.php\/wp-json\/wp\/v2\/media?parent=6243"}],"wp:term":[{"taxonomy":"product_cat","embeddable":true,"href":"https:\/\/casadolivreiro.pt\/index.php\/wp-json\/wp\/v2\/product_cat?post=6243"},{"taxonomy":"product_tag","embeddable":true,"href":"https:\/\/casadolivreiro.pt\/index.php\/wp-json\/wp\/v2\/product_tag?post=6243"}],"curies":[{"name":"wp","href":"https:\/\/api.w.org\/{rel}","templated":true}]}}