{"id":6239,"date":"2026-02-07T00:11:10","date_gmt":"2026-02-07T00:11:10","guid":{"rendered":"https:\/\/casadolivreiro.pt\/?post_type=product&#038;p=6239"},"modified":"2026-02-07T00:11:10","modified_gmt":"2026-02-07T00:11:10","slug":"os-canhoes-de-navarone-alistair-maclean","status":"publish","type":"product","link":"https:\/\/casadolivreiro.pt\/index.php\/product\/os-canhoes-de-navarone-alistair-maclean\/","title":{"rendered":"OS CANH\u00d5ES DE NAVARONE &#8211; Alistair Maclean"},"content":{"rendered":"<p>OS CANH\u00d5ES DE NAVARONE<\/p>\n<p>Alistair Maclean<\/p>\n<p>Tradu\u00e7\u00e3o de Margarida Carvalho<\/p>\n<p>Ano de edi\u00e7\u00e3o: 1961<\/p>\n<p>Editor: Estudios Cor, Lisboa<\/p>\n<p>Idioma: Portugu\u00eas<\/p>\n<p>Dimens\u00f5es: 12 x 2.5 x 18.4 cm<\/p>\n<p>Encaderna\u00e7\u00e3o: Capa mole<\/p>\n<p>P\u00e1ginas: 392<\/p>\n","protected":false},"excerpt":{"rendered":"<p>OS CANH\u00d5ES DE NAVARONE Alistair Maclean Tradu\u00e7\u00e3o de Margarida Carvalho Ano de edi\u00e7\u00e3o: 1961 Editor: Estudios Cor, Lisboa Idioma: Portugu\u00eas Dimens\u00f5es: 12 x 2.5 x 18.4 cm Encaderna\u00e7\u00e3o: Capa mole P\u00e1ginas: 392<\/p>\n","protected":false},"featured_media":6240,"comment_status":"open","ping_status":"closed","template":"","meta":{"om_disable_all_campaigns":false,"_monsterinsights_skip_tracking":false,"_monsterinsights_sitenote_active":false,"_monsterinsights_sitenote_note":"","_monsterinsights_sitenote_category":0,"_uf_show_specific_survey":0,"_uf_disable_surveys":false},"product_cat":[26],"product_tag":[],"aioseo_notices":[],"jetpack_sharing_enabled":true,"_links":{"self":[{"href":"https:\/\/casadolivreiro.pt\/index.php\/wp-json\/wp\/v2\/product\/6239"}],"collection":[{"href":"https:\/\/casadolivreiro.pt\/index.php\/wp-json\/wp\/v2\/product"}],"about":[{"href":"https:\/\/casadolivreiro.pt\/index.php\/wp-json\/wp\/v2\/types\/product"}],"replies":[{"embeddable":true,"href":"https:\/\/casadolivreiro.pt\/index.php\/wp-json\/wp\/v2\/comments?post=6239"}],"wp:featuredmedia":[{"embeddable":true,"href":"https:\/\/casadolivreiro.pt\/index.php\/wp-json\/wp\/v2\/media\/6240"}],"wp:attachment":[{"href":"https:\/\/casadolivreiro.pt\/index.php\/wp-json\/wp\/v2\/media?parent=6239"}],"wp:term":[{"taxonomy":"product_cat","embeddable":true,"href":"https:\/\/casadolivreiro.pt\/index.php\/wp-json\/wp\/v2\/product_cat?post=6239"},{"taxonomy":"product_tag","embeddable":true,"href":"https:\/\/casadolivreiro.pt\/index.php\/wp-json\/wp\/v2\/product_tag?post=6239"}],"curies":[{"name":"wp","href":"https:\/\/api.w.org\/{rel}","templated":true}]}}