{"id":6235,"date":"2026-02-07T00:07:40","date_gmt":"2026-02-07T00:07:40","guid":{"rendered":"https:\/\/casadolivreiro.pt\/?post_type=product&#038;p=6235"},"modified":"2026-02-07T00:07:40","modified_gmt":"2026-02-07T00:07:40","slug":"valentino-rossi-autobiografia-com-enrico-borghi","status":"publish","type":"product","link":"https:\/\/casadolivreiro.pt\/index.php\/product\/valentino-rossi-autobiografia-com-enrico-borghi\/","title":{"rendered":"VALENTINO ROSSI AUTOBIOGRAFIA &#8211; Com Enrico Borghi"},"content":{"rendered":"<p>VALENTINO ROSSI AUTOBIOGRAFIA<\/p>\n<p>Com Enrico Borghi<\/p>\n<p>Ano de edi\u00e7\u00e3o: 2006<\/p>\n<p>Editor: Prime Books<\/p>\n<p>Idioma: Portugu\u00eas<\/p>\n<p>Dimens\u00f5es: 15 x 1.5 x 23 cm<\/p>\n<p>Encaderna\u00e7\u00e3o: Capa mole<\/p>\n<p>P\u00e1ginas: 271<\/p>\n","protected":false},"excerpt":{"rendered":"<p>VALENTINO ROSSI AUTOBIOGRAFIA Com Enrico Borghi Ano de edi\u00e7\u00e3o: 2006 Editor: Prime Books Idioma: Portugu\u00eas Dimens\u00f5es: 15 x 1.5 x 23 cm Encaderna\u00e7\u00e3o: Capa mole P\u00e1ginas: 271<\/p>\n","protected":false},"featured_media":6236,"comment_status":"open","ping_status":"closed","template":"","meta":{"om_disable_all_campaigns":false,"_monsterinsights_skip_tracking":false,"_monsterinsights_sitenote_active":false,"_monsterinsights_sitenote_note":"","_monsterinsights_sitenote_category":0,"_uf_show_specific_survey":0,"_uf_disable_surveys":false},"product_cat":[28,36,39],"product_tag":[],"aioseo_notices":[],"jetpack_sharing_enabled":true,"_links":{"self":[{"href":"https:\/\/casadolivreiro.pt\/index.php\/wp-json\/wp\/v2\/product\/6235"}],"collection":[{"href":"https:\/\/casadolivreiro.pt\/index.php\/wp-json\/wp\/v2\/product"}],"about":[{"href":"https:\/\/casadolivreiro.pt\/index.php\/wp-json\/wp\/v2\/types\/product"}],"replies":[{"embeddable":true,"href":"https:\/\/casadolivreiro.pt\/index.php\/wp-json\/wp\/v2\/comments?post=6235"}],"wp:featuredmedia":[{"embeddable":true,"href":"https:\/\/casadolivreiro.pt\/index.php\/wp-json\/wp\/v2\/media\/6236"}],"wp:attachment":[{"href":"https:\/\/casadolivreiro.pt\/index.php\/wp-json\/wp\/v2\/media?parent=6235"}],"wp:term":[{"taxonomy":"product_cat","embeddable":true,"href":"https:\/\/casadolivreiro.pt\/index.php\/wp-json\/wp\/v2\/product_cat?post=6235"},{"taxonomy":"product_tag","embeddable":true,"href":"https:\/\/casadolivreiro.pt\/index.php\/wp-json\/wp\/v2\/product_tag?post=6235"}],"curies":[{"name":"wp","href":"https:\/\/api.w.org\/{rel}","templated":true}]}}