{"id":6231,"date":"2026-02-07T00:03:25","date_gmt":"2026-02-07T00:03:25","guid":{"rendered":"https:\/\/casadolivreiro.pt\/?post_type=product&#038;p=6231"},"modified":"2026-02-07T00:03:25","modified_gmt":"2026-02-07T00:03:25","slug":"assassino-involuntario-emma-lathen","status":"publish","type":"product","link":"https:\/\/casadolivreiro.pt\/index.php\/product\/assassino-involuntario-emma-lathen\/","title":{"rendered":"ASSASS\u00cdNO INVOLUNT\u00c1RIO &#8211; Emma Lathen"},"content":{"rendered":"<p>ASSASS\u00cdNO INVOLUNT\u00c1RIO<\/p>\n<p>Emma Lathen<\/p>\n<p>Tradu\u00e7\u00e3o de Jo\u00e3o Paulo Madeira Rodrigues<\/p>\n<p>Ano de edi\u00e7\u00e3o: 1987 (1.\u00aa edi\u00e7\u00e3o)<\/p>\n<p>Editor: Gradiva<\/p>\n<p>Idioma: Portugu\u00eas<\/p>\n<p>Dimens\u00f5es: 12.5 x 1.5 x 20 cm<\/p>\n<p>Encaderna\u00e7\u00e3o: Capa mole<\/p>\n<p>P\u00e1ginas: 278<\/p>\n","protected":false},"excerpt":{"rendered":"<p>ASSASS\u00cdNO INVOLUNT\u00c1RIO Emma Lathen Tradu\u00e7\u00e3o de Jo\u00e3o Paulo Madeira Rodrigues Ano de edi\u00e7\u00e3o: 1987 (1.\u00aa edi\u00e7\u00e3o) Editor: Gradiva Idioma: Portugu\u00eas Dimens\u00f5es: 12.5 x 1.5 x 20 cm Encaderna\u00e7\u00e3o: Capa mole P\u00e1ginas: 278<\/p>\n","protected":false},"featured_media":6232,"comment_status":"open","ping_status":"closed","template":"","meta":{"om_disable_all_campaigns":false,"_monsterinsights_skip_tracking":false,"_monsterinsights_sitenote_active":false,"_monsterinsights_sitenote_note":"","_monsterinsights_sitenote_category":0,"_uf_show_specific_survey":0,"_uf_disable_surveys":false},"product_cat":[26,44,61],"product_tag":[],"aioseo_notices":[],"jetpack_sharing_enabled":true,"_links":{"self":[{"href":"https:\/\/casadolivreiro.pt\/index.php\/wp-json\/wp\/v2\/product\/6231"}],"collection":[{"href":"https:\/\/casadolivreiro.pt\/index.php\/wp-json\/wp\/v2\/product"}],"about":[{"href":"https:\/\/casadolivreiro.pt\/index.php\/wp-json\/wp\/v2\/types\/product"}],"replies":[{"embeddable":true,"href":"https:\/\/casadolivreiro.pt\/index.php\/wp-json\/wp\/v2\/comments?post=6231"}],"wp:featuredmedia":[{"embeddable":true,"href":"https:\/\/casadolivreiro.pt\/index.php\/wp-json\/wp\/v2\/media\/6232"}],"wp:attachment":[{"href":"https:\/\/casadolivreiro.pt\/index.php\/wp-json\/wp\/v2\/media?parent=6231"}],"wp:term":[{"taxonomy":"product_cat","embeddable":true,"href":"https:\/\/casadolivreiro.pt\/index.php\/wp-json\/wp\/v2\/product_cat?post=6231"},{"taxonomy":"product_tag","embeddable":true,"href":"https:\/\/casadolivreiro.pt\/index.php\/wp-json\/wp\/v2\/product_tag?post=6231"}],"curies":[{"name":"wp","href":"https:\/\/api.w.org\/{rel}","templated":true}]}}