{"id":6223,"date":"2026-02-06T23:57:46","date_gmt":"2026-02-06T23:57:46","guid":{"rendered":"https:\/\/casadolivreiro.pt\/?post_type=product&#038;p=6223"},"modified":"2026-02-06T23:57:46","modified_gmt":"2026-02-06T23:57:46","slug":"lamentos-na-noite-delly","status":"publish","type":"product","link":"https:\/\/casadolivreiro.pt\/index.php\/product\/lamentos-na-noite-delly\/","title":{"rendered":"LAMENTOS NA NOITE &#8211; Delly"},"content":{"rendered":"<p>LAMENTOS NA NOITE<\/p>\n<p>Delly<\/p>\n<p>Tradu\u00e7\u00e3o de A. Augusto dos Santos<\/p>\n<p>Ano de edi\u00e7\u00e3o: 1940<\/p>\n<p>Editor: Livraria Progredior, Porto<\/p>\n<p>Idioma: Portugu\u00eas<\/p>\n<p>Dimens\u00f5es: 12 x 2.5 x 19 cm<\/p>\n<p>Encaderna\u00e7\u00e3o: Capa dura<\/p>\n<p>P\u00e1ginas: 236<\/p>\n","protected":false},"excerpt":{"rendered":"<p>LAMENTOS NA NOITE Delly Tradu\u00e7\u00e3o de A. Augusto dos Santos Ano de edi\u00e7\u00e3o: 1940 Editor: Livraria Progredior, Porto Idioma: Portugu\u00eas Dimens\u00f5es: 12 x 2.5 x 19 cm Encaderna\u00e7\u00e3o: Capa dura P\u00e1ginas: 236<\/p>\n","protected":false},"featured_media":6224,"comment_status":"open","ping_status":"closed","template":"","meta":{"om_disable_all_campaigns":false,"_monsterinsights_skip_tracking":false,"_monsterinsights_sitenote_active":false,"_monsterinsights_sitenote_note":"","_monsterinsights_sitenote_category":0,"_uf_show_specific_survey":0,"_uf_disable_surveys":false},"product_cat":[26],"product_tag":[],"aioseo_notices":[],"jetpack_sharing_enabled":true,"_links":{"self":[{"href":"https:\/\/casadolivreiro.pt\/index.php\/wp-json\/wp\/v2\/product\/6223"}],"collection":[{"href":"https:\/\/casadolivreiro.pt\/index.php\/wp-json\/wp\/v2\/product"}],"about":[{"href":"https:\/\/casadolivreiro.pt\/index.php\/wp-json\/wp\/v2\/types\/product"}],"replies":[{"embeddable":true,"href":"https:\/\/casadolivreiro.pt\/index.php\/wp-json\/wp\/v2\/comments?post=6223"}],"wp:featuredmedia":[{"embeddable":true,"href":"https:\/\/casadolivreiro.pt\/index.php\/wp-json\/wp\/v2\/media\/6224"}],"wp:attachment":[{"href":"https:\/\/casadolivreiro.pt\/index.php\/wp-json\/wp\/v2\/media?parent=6223"}],"wp:term":[{"taxonomy":"product_cat","embeddable":true,"href":"https:\/\/casadolivreiro.pt\/index.php\/wp-json\/wp\/v2\/product_cat?post=6223"},{"taxonomy":"product_tag","embeddable":true,"href":"https:\/\/casadolivreiro.pt\/index.php\/wp-json\/wp\/v2\/product_tag?post=6223"}],"curies":[{"name":"wp","href":"https:\/\/api.w.org\/{rel}","templated":true}]}}