{"id":6218,"date":"2026-02-06T23:53:22","date_gmt":"2026-02-06T23:53:22","guid":{"rendered":"https:\/\/casadolivreiro.pt\/?post_type=product&#038;p=6218"},"modified":"2026-02-06T23:53:22","modified_gmt":"2026-02-06T23:53:22","slug":"traicao-na-guerra-fria-ross-thomas","status":"publish","type":"product","link":"https:\/\/casadolivreiro.pt\/index.php\/product\/traicao-na-guerra-fria-ross-thomas\/","title":{"rendered":"TRAI\u00c7\u00c3O NA GUERRA FRIA &#8211; Ross Thomas"},"content":{"rendered":"<p>TRAI\u00c7\u00c3O NA GUERRA FRIA<\/p>\n<p>Ross Thomas<\/p>\n<p>Tradu\u00e7\u00e3o de Fernanda Pinto Rodrigues<\/p>\n<p>Ano de edi\u00e7\u00e3o: 1970 ( 1.\u00aa edi\u00e7\u00e3o)<\/p>\n<p>Editor: Editorial Minerva<\/p>\n<p>Idioma: Portugu\u00eas<\/p>\n<p>Dimens\u00f5es: 12 x 2.6 x 18.2 cm<\/p>\n<p>Encaderna\u00e7\u00e3o: Capa dura<\/p>\n<p>P\u00e1ginas: 307<\/p>\n","protected":false},"excerpt":{"rendered":"<p>TRAI\u00c7\u00c3O NA GUERRA FRIA Ross Thomas Tradu\u00e7\u00e3o de Fernanda Pinto Rodrigues Ano de edi\u00e7\u00e3o: 1970 ( 1.\u00aa edi\u00e7\u00e3o) Editor: Editorial Minerva Idioma: Portugu\u00eas Dimens\u00f5es: 12 x 2.6 x 18.2 cm Encaderna\u00e7\u00e3o: Capa dura P\u00e1ginas: 307<\/p>\n","protected":false},"featured_media":6219,"comment_status":"open","ping_status":"closed","template":"","meta":{"om_disable_all_campaigns":false,"_monsterinsights_skip_tracking":false,"_monsterinsights_sitenote_active":false,"_monsterinsights_sitenote_note":"","_monsterinsights_sitenote_category":0,"_uf_show_specific_survey":0,"_uf_disable_surveys":false},"product_cat":[26,44],"product_tag":[],"aioseo_notices":[],"jetpack_sharing_enabled":true,"_links":{"self":[{"href":"https:\/\/casadolivreiro.pt\/index.php\/wp-json\/wp\/v2\/product\/6218"}],"collection":[{"href":"https:\/\/casadolivreiro.pt\/index.php\/wp-json\/wp\/v2\/product"}],"about":[{"href":"https:\/\/casadolivreiro.pt\/index.php\/wp-json\/wp\/v2\/types\/product"}],"replies":[{"embeddable":true,"href":"https:\/\/casadolivreiro.pt\/index.php\/wp-json\/wp\/v2\/comments?post=6218"}],"wp:featuredmedia":[{"embeddable":true,"href":"https:\/\/casadolivreiro.pt\/index.php\/wp-json\/wp\/v2\/media\/6219"}],"wp:attachment":[{"href":"https:\/\/casadolivreiro.pt\/index.php\/wp-json\/wp\/v2\/media?parent=6218"}],"wp:term":[{"taxonomy":"product_cat","embeddable":true,"href":"https:\/\/casadolivreiro.pt\/index.php\/wp-json\/wp\/v2\/product_cat?post=6218"},{"taxonomy":"product_tag","embeddable":true,"href":"https:\/\/casadolivreiro.pt\/index.php\/wp-json\/wp\/v2\/product_tag?post=6218"}],"curies":[{"name":"wp","href":"https:\/\/api.w.org\/{rel}","templated":true}]}}