{"id":6216,"date":"2026-02-06T23:50:33","date_gmt":"2026-02-06T23:50:33","guid":{"rendered":"https:\/\/casadolivreiro.pt\/?post_type=product&#038;p=6216"},"modified":"2026-02-06T23:50:33","modified_gmt":"2026-02-06T23:50:33","slug":"doze-mulheres-e-um-almoco-de-natal-leonor-xavier","status":"publish","type":"product","link":"https:\/\/casadolivreiro.pt\/index.php\/product\/doze-mulheres-e-um-almoco-de-natal-leonor-xavier\/","title":{"rendered":"DOZE MULHERES E UM ALMO\u00c7O DE NATAL &#8211; Leonor Xavier"},"content":{"rendered":"<p>DOZE MULHERES E UM ALMO\u00c7O DE NATAL<\/p>\n<p>Leonor Xavier<\/p>\n<p>Ano de edi\u00e7\u00e3o: 2011<\/p>\n<p>Editor: Circulo de Leitores<\/p>\n<p>Idioma: Portugu\u00eas<\/p>\n<p>Dimens\u00f5es: 12.5 x 2 x 20 cm<\/p>\n<p>Encaderna\u00e7\u00e3o: Capa mole<\/p>\n<p>P\u00e1ginas: 254<\/p>\n","protected":false},"excerpt":{"rendered":"<p>DOZE MULHERES E UM ALMO\u00c7O DE NATAL Leonor Xavier Ano de edi\u00e7\u00e3o: 2011 Editor: Circulo de Leitores Idioma: Portugu\u00eas Dimens\u00f5es: 12.5 x 2 x 20 cm Encaderna\u00e7\u00e3o: Capa mole P\u00e1ginas: 254<\/p>\n","protected":false},"featured_media":6217,"comment_status":"open","ping_status":"closed","template":"","meta":{"om_disable_all_campaigns":false,"_monsterinsights_skip_tracking":false,"_monsterinsights_sitenote_active":false,"_monsterinsights_sitenote_note":"","_monsterinsights_sitenote_category":0,"_uf_show_specific_survey":0,"_uf_disable_surveys":false},"product_cat":[25],"product_tag":[],"aioseo_notices":[],"jetpack_sharing_enabled":true,"_links":{"self":[{"href":"https:\/\/casadolivreiro.pt\/index.php\/wp-json\/wp\/v2\/product\/6216"}],"collection":[{"href":"https:\/\/casadolivreiro.pt\/index.php\/wp-json\/wp\/v2\/product"}],"about":[{"href":"https:\/\/casadolivreiro.pt\/index.php\/wp-json\/wp\/v2\/types\/product"}],"replies":[{"embeddable":true,"href":"https:\/\/casadolivreiro.pt\/index.php\/wp-json\/wp\/v2\/comments?post=6216"}],"wp:featuredmedia":[{"embeddable":true,"href":"https:\/\/casadolivreiro.pt\/index.php\/wp-json\/wp\/v2\/media\/6217"}],"wp:attachment":[{"href":"https:\/\/casadolivreiro.pt\/index.php\/wp-json\/wp\/v2\/media?parent=6216"}],"wp:term":[{"taxonomy":"product_cat","embeddable":true,"href":"https:\/\/casadolivreiro.pt\/index.php\/wp-json\/wp\/v2\/product_cat?post=6216"},{"taxonomy":"product_tag","embeddable":true,"href":"https:\/\/casadolivreiro.pt\/index.php\/wp-json\/wp\/v2\/product_tag?post=6216"}],"curies":[{"name":"wp","href":"https:\/\/api.w.org\/{rel}","templated":true}]}}