{"id":6208,"date":"2026-02-06T23:45:23","date_gmt":"2026-02-06T23:45:23","guid":{"rendered":"https:\/\/casadolivreiro.pt\/?post_type=product&#038;p=6208"},"modified":"2026-02-06T23:45:24","modified_gmt":"2026-02-06T23:45:24","slug":"primeiras-alegrias-konstantin-fedin","status":"publish","type":"product","link":"https:\/\/casadolivreiro.pt\/index.php\/product\/primeiras-alegrias-konstantin-fedin\/","title":{"rendered":"PRIMEIRAS ALEGRIAS &#8211; Konstantin Fedin"},"content":{"rendered":"<p>PRIMEIRAS ALEGRIAS<\/p>\n<p>Konstantin Fedin<\/p>\n<p>Tradu\u00e7\u00e3o de Luis de Almeida<\/p>\n<p>Ano de edi\u00e7\u00e3o: 1962<\/p>\n<p>Editor: Editora Arcadia<\/p>\n<p>Idioma: Portugu\u00eas<\/p>\n<p>Dimens\u00f5es: 12 x 3.4 x 19.2 cm<\/p>\n<p>Encaderna\u00e7\u00e3o: Capa dura<\/p>\n<p>P\u00e1ginas: 481<\/p>\n","protected":false},"excerpt":{"rendered":"<p>PRIMEIRAS ALEGRIAS Konstantin Fedin Tradu\u00e7\u00e3o de Luis de Almeida Ano de edi\u00e7\u00e3o: 1962 Editor: Editora Arcadia Idioma: Portugu\u00eas Dimens\u00f5es: 12 x 3.4 x 19.2 cm Encaderna\u00e7\u00e3o: Capa dura P\u00e1ginas: 481<\/p>\n","protected":false},"featured_media":6209,"comment_status":"open","ping_status":"closed","template":"","meta":{"om_disable_all_campaigns":false,"_monsterinsights_skip_tracking":false,"_monsterinsights_sitenote_active":false,"_monsterinsights_sitenote_note":"","_monsterinsights_sitenote_category":0,"_uf_show_specific_survey":0,"_uf_disable_surveys":false},"product_cat":[26],"product_tag":[],"aioseo_notices":[],"jetpack_sharing_enabled":true,"_links":{"self":[{"href":"https:\/\/casadolivreiro.pt\/index.php\/wp-json\/wp\/v2\/product\/6208"}],"collection":[{"href":"https:\/\/casadolivreiro.pt\/index.php\/wp-json\/wp\/v2\/product"}],"about":[{"href":"https:\/\/casadolivreiro.pt\/index.php\/wp-json\/wp\/v2\/types\/product"}],"replies":[{"embeddable":true,"href":"https:\/\/casadolivreiro.pt\/index.php\/wp-json\/wp\/v2\/comments?post=6208"}],"wp:featuredmedia":[{"embeddable":true,"href":"https:\/\/casadolivreiro.pt\/index.php\/wp-json\/wp\/v2\/media\/6209"}],"wp:attachment":[{"href":"https:\/\/casadolivreiro.pt\/index.php\/wp-json\/wp\/v2\/media?parent=6208"}],"wp:term":[{"taxonomy":"product_cat","embeddable":true,"href":"https:\/\/casadolivreiro.pt\/index.php\/wp-json\/wp\/v2\/product_cat?post=6208"},{"taxonomy":"product_tag","embeddable":true,"href":"https:\/\/casadolivreiro.pt\/index.php\/wp-json\/wp\/v2\/product_tag?post=6208"}],"curies":[{"name":"wp","href":"https:\/\/api.w.org\/{rel}","templated":true}]}}