{"id":6204,"date":"2026-02-06T23:39:53","date_gmt":"2026-02-06T23:39:53","guid":{"rendered":"https:\/\/casadolivreiro.pt\/?post_type=product&#038;p=6204"},"modified":"2026-02-06T23:39:53","modified_gmt":"2026-02-06T23:39:53","slug":"puma-ulf-miehe","status":"publish","type":"product","link":"https:\/\/casadolivreiro.pt\/index.php\/product\/puma-ulf-miehe\/","title":{"rendered":"PUMA &#8211; Ulf Miehe"},"content":{"rendered":"<p>PUMA<\/p>\n<p>Ulf Miehe<\/p>\n<p>Tradu\u00e7\u00e3o de Pedro Manuel Rosado<\/p>\n<p>Ano de edi\u00e7\u00e3o: 1981<\/p>\n<p>Editor: Circulo de Leitores<\/p>\n<p>Idioma: Portugu\u00eas<\/p>\n<p>Dimens\u00f5es: 12 x 2.4 x 20.3 cm<\/p>\n<p>Encaderna\u00e7\u00e3o: Capa dura<\/p>\n<p>P\u00e1ginas: 338<\/p>\n","protected":false},"excerpt":{"rendered":"<p>PUMA Ulf Miehe Tradu\u00e7\u00e3o de Pedro Manuel Rosado Ano de edi\u00e7\u00e3o: 1981 Editor: Circulo de Leitores Idioma: Portugu\u00eas Dimens\u00f5es: 12 x 2.4 x 20.3 cm Encaderna\u00e7\u00e3o: Capa dura P\u00e1ginas: 338<\/p>\n","protected":false},"featured_media":0,"comment_status":"open","ping_status":"closed","template":"","meta":{"om_disable_all_campaigns":false,"_monsterinsights_skip_tracking":false,"_monsterinsights_sitenote_active":false,"_monsterinsights_sitenote_note":"","_monsterinsights_sitenote_category":0,"_uf_show_specific_survey":0,"_uf_disable_surveys":false},"product_cat":[26],"product_tag":[],"aioseo_notices":[],"jetpack_sharing_enabled":true,"_links":{"self":[{"href":"https:\/\/casadolivreiro.pt\/index.php\/wp-json\/wp\/v2\/product\/6204"}],"collection":[{"href":"https:\/\/casadolivreiro.pt\/index.php\/wp-json\/wp\/v2\/product"}],"about":[{"href":"https:\/\/casadolivreiro.pt\/index.php\/wp-json\/wp\/v2\/types\/product"}],"replies":[{"embeddable":true,"href":"https:\/\/casadolivreiro.pt\/index.php\/wp-json\/wp\/v2\/comments?post=6204"}],"wp:attachment":[{"href":"https:\/\/casadolivreiro.pt\/index.php\/wp-json\/wp\/v2\/media?parent=6204"}],"wp:term":[{"taxonomy":"product_cat","embeddable":true,"href":"https:\/\/casadolivreiro.pt\/index.php\/wp-json\/wp\/v2\/product_cat?post=6204"},{"taxonomy":"product_tag","embeddable":true,"href":"https:\/\/casadolivreiro.pt\/index.php\/wp-json\/wp\/v2\/product_tag?post=6204"}],"curies":[{"name":"wp","href":"https:\/\/api.w.org\/{rel}","templated":true}]}}