{"id":6201,"date":"2026-02-06T23:38:45","date_gmt":"2026-02-06T23:38:45","guid":{"rendered":"https:\/\/casadolivreiro.pt\/?post_type=product&#038;p=6201"},"modified":"2026-02-06T23:38:45","modified_gmt":"2026-02-06T23:38:45","slug":"a-tempestade-vol-1-ilya-ehremburg","status":"publish","type":"product","link":"https:\/\/casadolivreiro.pt\/index.php\/product\/a-tempestade-vol-1-ilya-ehremburg\/","title":{"rendered":"A TEMPESTADE  Vol. 1 &#8211; Ilya Ehremburg"},"content":{"rendered":"<p>A TEMPESTADE\u00a0 Vol. 1<\/p>\n<p>Ilya Ehremburg<\/p>\n<p>Tradu\u00e7\u00e3o de Guttorm Hansen<\/p>\n<p>Ano de edi\u00e7\u00e3o: 1954<\/p>\n<p>Editor: Editorial Vit\u00f5ria Ltda., Rio<\/p>\n<p>Idioma: Portugu\u00eas<\/p>\n<p>Dimens\u00f5es: 12 x 3 x 18.5 cm<\/p>\n<p>Encaderna\u00e7\u00e3o: Capa dura<\/p>\n<p>P\u00e1ginas: 398<\/p>\n","protected":false},"excerpt":{"rendered":"<p>A TEMPESTADE\u00a0 Vol. 1 Ilya Ehremburg Tradu\u00e7\u00e3o de Guttorm Hansen Ano de edi\u00e7\u00e3o: 1954 Editor: Editorial Vit\u00f5ria Ltda., Rio Idioma: Portugu\u00eas Dimens\u00f5es: 12 x 3 x 18.5 cm Encaderna\u00e7\u00e3o: Capa dura P\u00e1ginas: 398<\/p>\n","protected":false},"featured_media":6202,"comment_status":"open","ping_status":"closed","template":"","meta":{"om_disable_all_campaigns":false,"_monsterinsights_skip_tracking":false,"_monsterinsights_sitenote_active":false,"_monsterinsights_sitenote_note":"","_monsterinsights_sitenote_category":0,"_uf_show_specific_survey":0,"_uf_disable_surveys":false},"product_cat":[26],"product_tag":[],"aioseo_notices":[],"jetpack_sharing_enabled":true,"_links":{"self":[{"href":"https:\/\/casadolivreiro.pt\/index.php\/wp-json\/wp\/v2\/product\/6201"}],"collection":[{"href":"https:\/\/casadolivreiro.pt\/index.php\/wp-json\/wp\/v2\/product"}],"about":[{"href":"https:\/\/casadolivreiro.pt\/index.php\/wp-json\/wp\/v2\/types\/product"}],"replies":[{"embeddable":true,"href":"https:\/\/casadolivreiro.pt\/index.php\/wp-json\/wp\/v2\/comments?post=6201"}],"wp:featuredmedia":[{"embeddable":true,"href":"https:\/\/casadolivreiro.pt\/index.php\/wp-json\/wp\/v2\/media\/6202"}],"wp:attachment":[{"href":"https:\/\/casadolivreiro.pt\/index.php\/wp-json\/wp\/v2\/media?parent=6201"}],"wp:term":[{"taxonomy":"product_cat","embeddable":true,"href":"https:\/\/casadolivreiro.pt\/index.php\/wp-json\/wp\/v2\/product_cat?post=6201"},{"taxonomy":"product_tag","embeddable":true,"href":"https:\/\/casadolivreiro.pt\/index.php\/wp-json\/wp\/v2\/product_tag?post=6201"}],"curies":[{"name":"wp","href":"https:\/\/api.w.org\/{rel}","templated":true}]}}