{"id":6197,"date":"2026-02-06T23:34:07","date_gmt":"2026-02-06T23:34:07","guid":{"rendered":"https:\/\/casadolivreiro.pt\/?post_type=product&#038;p=6197"},"modified":"2026-02-06T23:34:08","modified_gmt":"2026-02-06T23:34:08","slug":"um-pais-de-carneiros-william-j-lederer","status":"publish","type":"product","link":"https:\/\/casadolivreiro.pt\/index.php\/product\/um-pais-de-carneiros-william-j-lederer\/","title":{"rendered":"UM PA\u00cdS DE CARNEIROS &#8211; William J. Lederer"},"content":{"rendered":"<p>UM PA\u00cdS DE CARNEIROS<\/p>\n<p>William J. Lederer<\/p>\n<p>Tradu\u00e7\u00e3o de An\u00edbal da Silva Telo<\/p>\n<p>Ano de edi\u00e7\u00e3o: 1962 (2.\u00aa edi\u00e7\u00e3o)<\/p>\n<p>Editor: Livraria Classica Editora, Lisboa<\/p>\n<p>Idioma: Portugu\u00eas<\/p>\n<p>Dimens\u00f5es: 15.5 x 1.4 x 22.4 cm<\/p>\n<p>Encaderna\u00e7\u00e3o: Capa mole<\/p>\n<p>P\u00e1ginas: 240<\/p>\n","protected":false},"excerpt":{"rendered":"<p>UM PA\u00cdS DE CARNEIROS William J. Lederer Tradu\u00e7\u00e3o de An\u00edbal da Silva Telo Ano de edi\u00e7\u00e3o: 1962 (2.\u00aa edi\u00e7\u00e3o) Editor: Livraria Classica Editora, Lisboa Idioma: Portugu\u00eas Dimens\u00f5es: 15.5 x 1.4 x 22.4 cm Encaderna\u00e7\u00e3o: Capa mole P\u00e1ginas: 240<\/p>\n","protected":false},"featured_media":6198,"comment_status":"open","ping_status":"closed","template":"","meta":{"om_disable_all_campaigns":false,"_monsterinsights_skip_tracking":false,"_monsterinsights_sitenote_active":false,"_monsterinsights_sitenote_note":"","_monsterinsights_sitenote_category":0,"_uf_show_specific_survey":0,"_uf_disable_surveys":false},"product_cat":[26],"product_tag":[],"aioseo_notices":[],"jetpack_sharing_enabled":true,"_links":{"self":[{"href":"https:\/\/casadolivreiro.pt\/index.php\/wp-json\/wp\/v2\/product\/6197"}],"collection":[{"href":"https:\/\/casadolivreiro.pt\/index.php\/wp-json\/wp\/v2\/product"}],"about":[{"href":"https:\/\/casadolivreiro.pt\/index.php\/wp-json\/wp\/v2\/types\/product"}],"replies":[{"embeddable":true,"href":"https:\/\/casadolivreiro.pt\/index.php\/wp-json\/wp\/v2\/comments?post=6197"}],"wp:featuredmedia":[{"embeddable":true,"href":"https:\/\/casadolivreiro.pt\/index.php\/wp-json\/wp\/v2\/media\/6198"}],"wp:attachment":[{"href":"https:\/\/casadolivreiro.pt\/index.php\/wp-json\/wp\/v2\/media?parent=6197"}],"wp:term":[{"taxonomy":"product_cat","embeddable":true,"href":"https:\/\/casadolivreiro.pt\/index.php\/wp-json\/wp\/v2\/product_cat?post=6197"},{"taxonomy":"product_tag","embeddable":true,"href":"https:\/\/casadolivreiro.pt\/index.php\/wp-json\/wp\/v2\/product_tag?post=6197"}],"curies":[{"name":"wp","href":"https:\/\/api.w.org\/{rel}","templated":true}]}}