{"id":6193,"date":"2026-02-06T23:29:11","date_gmt":"2026-02-06T23:29:11","guid":{"rendered":"https:\/\/casadolivreiro.pt\/?post_type=product&#038;p=6193"},"modified":"2026-02-06T23:29:11","modified_gmt":"2026-02-06T23:29:11","slug":"viagem-ao-redor-da-lua-julio-verne","status":"publish","type":"product","link":"https:\/\/casadolivreiro.pt\/index.php\/product\/viagem-ao-redor-da-lua-julio-verne\/","title":{"rendered":"VIAGEM AO REDOR DA LUA &#8211; J\u00falio Verne"},"content":{"rendered":"<p>VIAGEM AO REDOR DA LUA<\/p>\n<p>J\u00falio Verne<\/p>\n<p>Tradu\u00e7\u00e3o de Vieira Neto<\/p>\n<p>Ano de edi\u00e7\u00e3o:<\/p>\n<p>Editor: Hemus, S\u00e3o Paulo<\/p>\n<p>Idioma: Portugu\u00eas<\/p>\n<p>Dimens\u00f5es: 13.8 x 1.3 x 21 cm<\/p>\n<p>Encaderna\u00e7\u00e3o: Capa mole<\/p>\n<p>P\u00e1ginas: 185<\/p>\n","protected":false},"excerpt":{"rendered":"<p>VIAGEM AO REDOR DA LUA J\u00falio Verne Tradu\u00e7\u00e3o de Vieira Neto Ano de edi\u00e7\u00e3o: Editor: Hemus, S\u00e3o Paulo Idioma: Portugu\u00eas Dimens\u00f5es: 13.8 x 1.3 x 21 cm Encaderna\u00e7\u00e3o: Capa mole P\u00e1ginas: 185<\/p>\n","protected":false},"featured_media":6194,"comment_status":"open","ping_status":"closed","template":"","meta":{"om_disable_all_campaigns":false,"_monsterinsights_skip_tracking":false,"_monsterinsights_sitenote_active":false,"_monsterinsights_sitenote_note":"","_monsterinsights_sitenote_category":0,"_uf_show_specific_survey":0,"_uf_disable_surveys":false},"product_cat":[34,26],"product_tag":[],"aioseo_notices":[],"jetpack_sharing_enabled":true,"_links":{"self":[{"href":"https:\/\/casadolivreiro.pt\/index.php\/wp-json\/wp\/v2\/product\/6193"}],"collection":[{"href":"https:\/\/casadolivreiro.pt\/index.php\/wp-json\/wp\/v2\/product"}],"about":[{"href":"https:\/\/casadolivreiro.pt\/index.php\/wp-json\/wp\/v2\/types\/product"}],"replies":[{"embeddable":true,"href":"https:\/\/casadolivreiro.pt\/index.php\/wp-json\/wp\/v2\/comments?post=6193"}],"wp:featuredmedia":[{"embeddable":true,"href":"https:\/\/casadolivreiro.pt\/index.php\/wp-json\/wp\/v2\/media\/6194"}],"wp:attachment":[{"href":"https:\/\/casadolivreiro.pt\/index.php\/wp-json\/wp\/v2\/media?parent=6193"}],"wp:term":[{"taxonomy":"product_cat","embeddable":true,"href":"https:\/\/casadolivreiro.pt\/index.php\/wp-json\/wp\/v2\/product_cat?post=6193"},{"taxonomy":"product_tag","embeddable":true,"href":"https:\/\/casadolivreiro.pt\/index.php\/wp-json\/wp\/v2\/product_tag?post=6193"}],"curies":[{"name":"wp","href":"https:\/\/api.w.org\/{rel}","templated":true}]}}