{"id":6191,"date":"2026-02-06T23:26:59","date_gmt":"2026-02-06T23:26:59","guid":{"rendered":"https:\/\/casadolivreiro.pt\/?post_type=product&#038;p=6191"},"modified":"2026-02-06T23:27:00","modified_gmt":"2026-02-06T23:27:00","slug":"a-morte-dos-anjos-artur-cortez","status":"publish","type":"product","link":"https:\/\/casadolivreiro.pt\/index.php\/product\/a-morte-dos-anjos-artur-cortez\/","title":{"rendered":"A MORTE DOS ANJOS &#8211; Artur Cortez"},"content":{"rendered":"<p>A MORTE DOS ANJOS<\/p>\n<p>Artur Cortez<\/p>\n<p>Ano de edi\u00e7\u00e3o: 1983<\/p>\n<p>Editor: Livros Horizonte<\/p>\n<p>Idioma: Portugu\u00eas<\/p>\n<p>Dimens\u00f5es: 14 x 0.8 x 21 cm<\/p>\n<p>Encaderna\u00e7\u00e3o: Capa mole<\/p>\n<p>P\u00e1ginas: 117<\/p>\n","protected":false},"excerpt":{"rendered":"<p>A MORTE DOS ANJOS Artur Cortez Ano de edi\u00e7\u00e3o: 1983 Editor: Livros Horizonte Idioma: Portugu\u00eas Dimens\u00f5es: 14 x 0.8 x 21 cm Encaderna\u00e7\u00e3o: Capa mole P\u00e1ginas: 117<\/p>\n","protected":false},"featured_media":6192,"comment_status":"open","ping_status":"closed","template":"","meta":{"om_disable_all_campaigns":false,"_monsterinsights_skip_tracking":false,"_monsterinsights_sitenote_active":false,"_monsterinsights_sitenote_note":"","_monsterinsights_sitenote_category":0,"_uf_show_specific_survey":0,"_uf_disable_surveys":false},"product_cat":[25],"product_tag":[],"aioseo_notices":[],"jetpack_sharing_enabled":true,"_links":{"self":[{"href":"https:\/\/casadolivreiro.pt\/index.php\/wp-json\/wp\/v2\/product\/6191"}],"collection":[{"href":"https:\/\/casadolivreiro.pt\/index.php\/wp-json\/wp\/v2\/product"}],"about":[{"href":"https:\/\/casadolivreiro.pt\/index.php\/wp-json\/wp\/v2\/types\/product"}],"replies":[{"embeddable":true,"href":"https:\/\/casadolivreiro.pt\/index.php\/wp-json\/wp\/v2\/comments?post=6191"}],"wp:featuredmedia":[{"embeddable":true,"href":"https:\/\/casadolivreiro.pt\/index.php\/wp-json\/wp\/v2\/media\/6192"}],"wp:attachment":[{"href":"https:\/\/casadolivreiro.pt\/index.php\/wp-json\/wp\/v2\/media?parent=6191"}],"wp:term":[{"taxonomy":"product_cat","embeddable":true,"href":"https:\/\/casadolivreiro.pt\/index.php\/wp-json\/wp\/v2\/product_cat?post=6191"},{"taxonomy":"product_tag","embeddable":true,"href":"https:\/\/casadolivreiro.pt\/index.php\/wp-json\/wp\/v2\/product_tag?post=6191"}],"curies":[{"name":"wp","href":"https:\/\/api.w.org\/{rel}","templated":true}]}}