{"id":619,"date":"2024-03-15T13:36:31","date_gmt":"2024-03-15T13:36:31","guid":{"rendered":"https:\/\/casadolivreiro.pt\/?post_type=product&#038;p=619"},"modified":"2024-03-15T13:36:31","modified_gmt":"2024-03-15T13:36:31","slug":"nos-bastidores-do-reino-a-vida-secreta-na-igreja-universal-do-reino-de-deus-mario-justino","status":"publish","type":"product","link":"https:\/\/casadolivreiro.pt\/index.php\/product\/nos-bastidores-do-reino-a-vida-secreta-na-igreja-universal-do-reino-de-deus-mario-justino\/","title":{"rendered":"NOS BASTIDORES DO REINO: A VIDA SECRETA NA IGREJA UNIVERSAL DO REINO DE DEUS &#8211; M\u00e1rio Justino"},"content":{"rendered":"<p>NOS BASTIDORES DO REINO: A VIDA SECRETA NA IGREJA UNIVERSAL DO REINO DE DEUS<br \/>\nM\u00e1rio Justino<br \/>\nAno de edi\u00e7\u00e3o: 1995<br \/>\nEditor: Livros do Brasil, Lisboa<br \/>\nIdioma: Portugu\u00eas<br \/>\nDimens\u00f5es: 14 x 0.7 x 21<br \/>\nEncaderna\u00e7\u00e3o: Capa mole<br \/>\nP\u00e1ginas: 150<\/p>\n","protected":false},"excerpt":{"rendered":"<p>NOS BASTIDORES DO REINO: A VIDA SECRETA NA IGREJA UNIVERSAL DO REINO DE DEUS M\u00e1rio Justino Ano de edi\u00e7\u00e3o: 1995 Editor: Livros do Brasil, Lisboa Idioma: Portugu\u00eas Dimens\u00f5es: 14 x 0.7 x 21 Encaderna\u00e7\u00e3o: Capa mole P\u00e1ginas: 150<\/p>\n","protected":false},"featured_media":620,"comment_status":"open","ping_status":"closed","template":"","meta":{"om_disable_all_campaigns":false,"_monsterinsights_skip_tracking":false,"_monsterinsights_sitenote_active":false,"_monsterinsights_sitenote_note":"","_monsterinsights_sitenote_category":0,"_uf_show_specific_survey":0,"_uf_disable_surveys":false},"product_cat":[33],"product_tag":[],"aioseo_notices":[],"jetpack_sharing_enabled":true,"_links":{"self":[{"href":"https:\/\/casadolivreiro.pt\/index.php\/wp-json\/wp\/v2\/product\/619"}],"collection":[{"href":"https:\/\/casadolivreiro.pt\/index.php\/wp-json\/wp\/v2\/product"}],"about":[{"href":"https:\/\/casadolivreiro.pt\/index.php\/wp-json\/wp\/v2\/types\/product"}],"replies":[{"embeddable":true,"href":"https:\/\/casadolivreiro.pt\/index.php\/wp-json\/wp\/v2\/comments?post=619"}],"wp:featuredmedia":[{"embeddable":true,"href":"https:\/\/casadolivreiro.pt\/index.php\/wp-json\/wp\/v2\/media\/620"}],"wp:attachment":[{"href":"https:\/\/casadolivreiro.pt\/index.php\/wp-json\/wp\/v2\/media?parent=619"}],"wp:term":[{"taxonomy":"product_cat","embeddable":true,"href":"https:\/\/casadolivreiro.pt\/index.php\/wp-json\/wp\/v2\/product_cat?post=619"},{"taxonomy":"product_tag","embeddable":true,"href":"https:\/\/casadolivreiro.pt\/index.php\/wp-json\/wp\/v2\/product_tag?post=619"}],"curies":[{"name":"wp","href":"https:\/\/api.w.org\/{rel}","templated":true}]}}