{"id":6185,"date":"2026-02-06T19:57:29","date_gmt":"2026-02-06T19:57:29","guid":{"rendered":"https:\/\/casadolivreiro.pt\/?post_type=product&#038;p=6185"},"modified":"2026-02-06T19:57:29","modified_gmt":"2026-02-06T19:57:29","slug":"o-doente-ingles-michael-ondaatje","status":"publish","type":"product","link":"https:\/\/casadolivreiro.pt\/index.php\/product\/o-doente-ingles-michael-ondaatje\/","title":{"rendered":"O DOENTE INGL\u00caS &#8211; Michael Ondaatje"},"content":{"rendered":"<p>O DOENTE INGL\u00caS<\/p>\n<p>Michael Ondaatje<\/p>\n<p>Tradu\u00e7\u00e3o de Amarina Alberty<\/p>\n<p>Ano de edi\u00e7\u00e3o: 2007<\/p>\n<p>Editor: Dom Quixote<\/p>\n<p>Idioma: Portugu\u00eas<\/p>\n<p>Dimens\u00f5es: 14 x 1.5 x 21.3 cm<\/p>\n<p>Encaderna\u00e7\u00e3o: Capa mole<\/p>\n<p>P\u00e1ginas: 219<\/p>\n","protected":false},"excerpt":{"rendered":"<p>O DOENTE INGL\u00caS Michael Ondaatje Tradu\u00e7\u00e3o de Amarina Alberty Ano de edi\u00e7\u00e3o: 2007 Editor: Dom Quixote Idioma: Portugu\u00eas Dimens\u00f5es: 14 x 1.5 x 21.3 cm Encaderna\u00e7\u00e3o: Capa mole P\u00e1ginas: 219<\/p>\n","protected":false},"featured_media":6186,"comment_status":"open","ping_status":"closed","template":"","meta":{"om_disable_all_campaigns":false,"_monsterinsights_skip_tracking":false,"_monsterinsights_sitenote_active":false,"_monsterinsights_sitenote_note":"","_monsterinsights_sitenote_category":0,"_uf_show_specific_survey":0,"_uf_disable_surveys":false},"product_cat":[26],"product_tag":[],"aioseo_notices":[],"jetpack_sharing_enabled":true,"_links":{"self":[{"href":"https:\/\/casadolivreiro.pt\/index.php\/wp-json\/wp\/v2\/product\/6185"}],"collection":[{"href":"https:\/\/casadolivreiro.pt\/index.php\/wp-json\/wp\/v2\/product"}],"about":[{"href":"https:\/\/casadolivreiro.pt\/index.php\/wp-json\/wp\/v2\/types\/product"}],"replies":[{"embeddable":true,"href":"https:\/\/casadolivreiro.pt\/index.php\/wp-json\/wp\/v2\/comments?post=6185"}],"wp:featuredmedia":[{"embeddable":true,"href":"https:\/\/casadolivreiro.pt\/index.php\/wp-json\/wp\/v2\/media\/6186"}],"wp:attachment":[{"href":"https:\/\/casadolivreiro.pt\/index.php\/wp-json\/wp\/v2\/media?parent=6185"}],"wp:term":[{"taxonomy":"product_cat","embeddable":true,"href":"https:\/\/casadolivreiro.pt\/index.php\/wp-json\/wp\/v2\/product_cat?post=6185"},{"taxonomy":"product_tag","embeddable":true,"href":"https:\/\/casadolivreiro.pt\/index.php\/wp-json\/wp\/v2\/product_tag?post=6185"}],"curies":[{"name":"wp","href":"https:\/\/api.w.org\/{rel}","templated":true}]}}