{"id":6183,"date":"2026-02-06T19:55:06","date_gmt":"2026-02-06T19:55:06","guid":{"rendered":"https:\/\/casadolivreiro.pt\/?post_type=product&#038;p=6183"},"modified":"2026-02-06T19:55:06","modified_gmt":"2026-02-06T19:55:06","slug":"o-homem-do-rio-kwai-jean-coue","status":"publish","type":"product","link":"https:\/\/casadolivreiro.pt\/index.php\/product\/o-homem-do-rio-kwai-jean-coue\/","title":{"rendered":"O HOMEM DO RIO KWAI &#8211; Jean Cou\u00e9"},"content":{"rendered":"<p>O HOMEM DO RIO KWAI<\/p>\n<p>Jean Cou\u00e9<\/p>\n<p>Tradu\u00e7\u00e3o de Amarina Alberty<\/p>\n<p>Ano de edi\u00e7\u00e3o: 1975<\/p>\n<p>Editor: Publica\u00e7\u00f5es Europa-Am\u00e9rica<\/p>\n<p>Idioma: Portugu\u00eas<\/p>\n<p>Dimens\u00f5es: 13.5 x 1.3 x 20.7 cm<\/p>\n<p>Encaderna\u00e7\u00e3o: Capa mole<\/p>\n<p>P\u00e1ginas: 213<\/p>\n","protected":false},"excerpt":{"rendered":"<p>O HOMEM DO RIO KWAI Jean Cou\u00e9 Tradu\u00e7\u00e3o de Amarina Alberty Ano de edi\u00e7\u00e3o: 1975 Editor: Publica\u00e7\u00f5es Europa-Am\u00e9rica Idioma: Portugu\u00eas Dimens\u00f5es: 13.5 x 1.3 x 20.7 cm Encaderna\u00e7\u00e3o: Capa mole P\u00e1ginas: 213<\/p>\n","protected":false},"featured_media":6184,"comment_status":"open","ping_status":"closed","template":"","meta":{"om_disable_all_campaigns":false,"_monsterinsights_skip_tracking":false,"_monsterinsights_sitenote_active":false,"_monsterinsights_sitenote_note":"","_monsterinsights_sitenote_category":0,"_uf_show_specific_survey":0,"_uf_disable_surveys":false},"product_cat":[34,26],"product_tag":[],"aioseo_notices":[],"jetpack_sharing_enabled":true,"_links":{"self":[{"href":"https:\/\/casadolivreiro.pt\/index.php\/wp-json\/wp\/v2\/product\/6183"}],"collection":[{"href":"https:\/\/casadolivreiro.pt\/index.php\/wp-json\/wp\/v2\/product"}],"about":[{"href":"https:\/\/casadolivreiro.pt\/index.php\/wp-json\/wp\/v2\/types\/product"}],"replies":[{"embeddable":true,"href":"https:\/\/casadolivreiro.pt\/index.php\/wp-json\/wp\/v2\/comments?post=6183"}],"wp:featuredmedia":[{"embeddable":true,"href":"https:\/\/casadolivreiro.pt\/index.php\/wp-json\/wp\/v2\/media\/6184"}],"wp:attachment":[{"href":"https:\/\/casadolivreiro.pt\/index.php\/wp-json\/wp\/v2\/media?parent=6183"}],"wp:term":[{"taxonomy":"product_cat","embeddable":true,"href":"https:\/\/casadolivreiro.pt\/index.php\/wp-json\/wp\/v2\/product_cat?post=6183"},{"taxonomy":"product_tag","embeddable":true,"href":"https:\/\/casadolivreiro.pt\/index.php\/wp-json\/wp\/v2\/product_tag?post=6183"}],"curies":[{"name":"wp","href":"https:\/\/api.w.org\/{rel}","templated":true}]}}