{"id":6175,"date":"2026-02-06T19:47:40","date_gmt":"2026-02-06T19:47:40","guid":{"rendered":"https:\/\/casadolivreiro.pt\/?post_type=product&#038;p=6175"},"modified":"2026-02-06T19:47:40","modified_gmt":"2026-02-06T19:47:40","slug":"alice-no-pais-das-maravilhos-lewis-carroll","status":"publish","type":"product","link":"https:\/\/casadolivreiro.pt\/index.php\/product\/alice-no-pais-das-maravilhos-lewis-carroll\/","title":{"rendered":"ALICE NO PA\u00cdS DAS MARAVILHOS &#8211; Lewis Carroll"},"content":{"rendered":"<p>ALICE NO PA\u00cdS DAS MARAVILHOS<\/p>\n<p>Lewis Carroll<\/p>\n<p>Ano de edi\u00e7\u00e3o: 2010<\/p>\n<p>Editor: QuidNovi \/ Biblioteca de Ver\u00e3o<\/p>\n<p>Idioma: Portugu\u00eas<\/p>\n<p>Dimens\u00f5es: 14.5 x 0.4 x 20 cm<\/p>\n<p>Encaderna\u00e7\u00e3o: Capa mole<\/p>\n<p>P\u00e1ginas: 95<\/p>\n","protected":false},"excerpt":{"rendered":"<p>ALICE NO PA\u00cdS DAS MARAVILHOS Lewis Carroll Ano de edi\u00e7\u00e3o: 2010 Editor: QuidNovi \/ Biblioteca de Ver\u00e3o Idioma: Portugu\u00eas Dimens\u00f5es: 14.5 x 0.4 x 20 cm Encaderna\u00e7\u00e3o: Capa mole P\u00e1ginas: 95<\/p>\n","protected":false},"featured_media":6176,"comment_status":"open","ping_status":"closed","template":"","meta":{"om_disable_all_campaigns":false,"_monsterinsights_skip_tracking":false,"_monsterinsights_sitenote_active":false,"_monsterinsights_sitenote_note":"","_monsterinsights_sitenote_category":0,"_uf_show_specific_survey":0,"_uf_disable_surveys":false},"product_cat":[26],"product_tag":[],"aioseo_notices":[],"jetpack_sharing_enabled":true,"_links":{"self":[{"href":"https:\/\/casadolivreiro.pt\/index.php\/wp-json\/wp\/v2\/product\/6175"}],"collection":[{"href":"https:\/\/casadolivreiro.pt\/index.php\/wp-json\/wp\/v2\/product"}],"about":[{"href":"https:\/\/casadolivreiro.pt\/index.php\/wp-json\/wp\/v2\/types\/product"}],"replies":[{"embeddable":true,"href":"https:\/\/casadolivreiro.pt\/index.php\/wp-json\/wp\/v2\/comments?post=6175"}],"wp:featuredmedia":[{"embeddable":true,"href":"https:\/\/casadolivreiro.pt\/index.php\/wp-json\/wp\/v2\/media\/6176"}],"wp:attachment":[{"href":"https:\/\/casadolivreiro.pt\/index.php\/wp-json\/wp\/v2\/media?parent=6175"}],"wp:term":[{"taxonomy":"product_cat","embeddable":true,"href":"https:\/\/casadolivreiro.pt\/index.php\/wp-json\/wp\/v2\/product_cat?post=6175"},{"taxonomy":"product_tag","embeddable":true,"href":"https:\/\/casadolivreiro.pt\/index.php\/wp-json\/wp\/v2\/product_tag?post=6175"}],"curies":[{"name":"wp","href":"https:\/\/api.w.org\/{rel}","templated":true}]}}