{"id":6167,"date":"2026-02-06T19:40:07","date_gmt":"2026-02-06T19:40:07","guid":{"rendered":"https:\/\/casadolivreiro.pt\/?post_type=product&#038;p=6167"},"modified":"2026-02-06T19:40:07","modified_gmt":"2026-02-06T19:40:07","slug":"jeremy-fink-e-o-sentido-da-vida-wendy-mass","status":"publish","type":"product","link":"https:\/\/casadolivreiro.pt\/index.php\/product\/jeremy-fink-e-o-sentido-da-vida-wendy-mass\/","title":{"rendered":"JEREMY FINK E O SENTIDO DA VIDA &#8211; Wendy Mass"},"content":{"rendered":"<p>JEREMY FINK E O SENTIDO DA VIDA<\/p>\n<p>Wendy Mass<\/p>\n<p>Tradu\u00e7\u00e3o de Jorge Freire<\/p>\n<p>Ano de edi\u00e7\u00e3o: 2011<\/p>\n<p>Editor: Editorial Presen\u00e7a, Lisboa<\/p>\n<p>Idioma: Portugu\u00eas<\/p>\n<p>Dimens\u00f5es: 13.5 x 2 x 20.5 cm<\/p>\n<p>Encaderna\u00e7\u00e3o: Capa mole<\/p>\n<p>P\u00e1ginas: 315<\/p>\n","protected":false},"excerpt":{"rendered":"<p>JEREMY FINK E O SENTIDO DA VIDA Wendy Mass Tradu\u00e7\u00e3o de Jorge Freire Ano de edi\u00e7\u00e3o: 2011 Editor: Editorial Presen\u00e7a, Lisboa Idioma: Portugu\u00eas Dimens\u00f5es: 13.5 x 2 x 20.5 cm Encaderna\u00e7\u00e3o: Capa mole P\u00e1ginas: 315<\/p>\n","protected":false},"featured_media":6168,"comment_status":"open","ping_status":"closed","template":"","meta":{"om_disable_all_campaigns":false,"_monsterinsights_skip_tracking":false,"_monsterinsights_sitenote_active":false,"_monsterinsights_sitenote_note":"","_monsterinsights_sitenote_category":0,"_uf_show_specific_survey":0,"_uf_disable_surveys":false},"product_cat":[26],"product_tag":[],"aioseo_notices":[],"jetpack_sharing_enabled":true,"_links":{"self":[{"href":"https:\/\/casadolivreiro.pt\/index.php\/wp-json\/wp\/v2\/product\/6167"}],"collection":[{"href":"https:\/\/casadolivreiro.pt\/index.php\/wp-json\/wp\/v2\/product"}],"about":[{"href":"https:\/\/casadolivreiro.pt\/index.php\/wp-json\/wp\/v2\/types\/product"}],"replies":[{"embeddable":true,"href":"https:\/\/casadolivreiro.pt\/index.php\/wp-json\/wp\/v2\/comments?post=6167"}],"wp:featuredmedia":[{"embeddable":true,"href":"https:\/\/casadolivreiro.pt\/index.php\/wp-json\/wp\/v2\/media\/6168"}],"wp:attachment":[{"href":"https:\/\/casadolivreiro.pt\/index.php\/wp-json\/wp\/v2\/media?parent=6167"}],"wp:term":[{"taxonomy":"product_cat","embeddable":true,"href":"https:\/\/casadolivreiro.pt\/index.php\/wp-json\/wp\/v2\/product_cat?post=6167"},{"taxonomy":"product_tag","embeddable":true,"href":"https:\/\/casadolivreiro.pt\/index.php\/wp-json\/wp\/v2\/product_tag?post=6167"}],"curies":[{"name":"wp","href":"https:\/\/api.w.org\/{rel}","templated":true}]}}