{"id":6163,"date":"2026-02-06T17:56:19","date_gmt":"2026-02-06T17:56:19","guid":{"rendered":"https:\/\/casadolivreiro.pt\/?post_type=product&#038;p=6163"},"modified":"2026-02-06T17:56:20","modified_gmt":"2026-02-06T17:56:20","slug":"o-ferrolho-andre-kedros","status":"publish","type":"product","link":"https:\/\/casadolivreiro.pt\/index.php\/product\/o-ferrolho-andre-kedros\/","title":{"rendered":"O FERROLHO &#8211; Andr\u00e9 Kedros"},"content":{"rendered":"<p>O FERROLHO<\/p>\n<p>Andr\u00e9 Kedros<\/p>\n<p>Tradu\u00e7\u00e3o de Maria Angelina Conde Rodo<\/p>\n<p>Ano de edi\u00e7\u00e3o: 1966<\/p>\n<p>Editor: Publica\u00e7\u00f5es Europa- Am\u00e9rica, Lisboa<\/p>\n<p>Idioma: Portugu\u00eas<\/p>\n<p>Dimens\u00f5es: 13 x 2.4 x 18.5 cm<\/p>\n<p>Encaderna\u00e7\u00e3o: Capa mole<\/p>\n<p>P\u00e1ginas: 304<\/p>\n","protected":false},"excerpt":{"rendered":"<p>O FERROLHO Andr\u00e9 Kedros Tradu\u00e7\u00e3o de Maria Angelina Conde Rodo Ano de edi\u00e7\u00e3o: 1966 Editor: Publica\u00e7\u00f5es Europa- Am\u00e9rica, Lisboa Idioma: Portugu\u00eas Dimens\u00f5es: 13 x 2.4 x 18.5 cm Encaderna\u00e7\u00e3o: Capa mole P\u00e1ginas: 304<\/p>\n","protected":false},"featured_media":6164,"comment_status":"open","ping_status":"closed","template":"","meta":{"om_disable_all_campaigns":false,"_monsterinsights_skip_tracking":false,"_monsterinsights_sitenote_active":false,"_monsterinsights_sitenote_note":"","_monsterinsights_sitenote_category":0,"_uf_show_specific_survey":0,"_uf_disable_surveys":false},"product_cat":[26],"product_tag":[],"aioseo_notices":[],"jetpack_sharing_enabled":true,"_links":{"self":[{"href":"https:\/\/casadolivreiro.pt\/index.php\/wp-json\/wp\/v2\/product\/6163"}],"collection":[{"href":"https:\/\/casadolivreiro.pt\/index.php\/wp-json\/wp\/v2\/product"}],"about":[{"href":"https:\/\/casadolivreiro.pt\/index.php\/wp-json\/wp\/v2\/types\/product"}],"replies":[{"embeddable":true,"href":"https:\/\/casadolivreiro.pt\/index.php\/wp-json\/wp\/v2\/comments?post=6163"}],"wp:featuredmedia":[{"embeddable":true,"href":"https:\/\/casadolivreiro.pt\/index.php\/wp-json\/wp\/v2\/media\/6164"}],"wp:attachment":[{"href":"https:\/\/casadolivreiro.pt\/index.php\/wp-json\/wp\/v2\/media?parent=6163"}],"wp:term":[{"taxonomy":"product_cat","embeddable":true,"href":"https:\/\/casadolivreiro.pt\/index.php\/wp-json\/wp\/v2\/product_cat?post=6163"},{"taxonomy":"product_tag","embeddable":true,"href":"https:\/\/casadolivreiro.pt\/index.php\/wp-json\/wp\/v2\/product_tag?post=6163"}],"curies":[{"name":"wp","href":"https:\/\/api.w.org\/{rel}","templated":true}]}}