{"id":6161,"date":"2026-02-06T17:54:13","date_gmt":"2026-02-06T17:54:13","guid":{"rendered":"https:\/\/casadolivreiro.pt\/?post_type=product&#038;p=6161"},"modified":"2026-02-06T17:54:14","modified_gmt":"2026-02-06T17:54:14","slug":"o-estranho-mundo-de-garp-vol-2-john-irving","status":"publish","type":"product","link":"https:\/\/casadolivreiro.pt\/index.php\/product\/o-estranho-mundo-de-garp-vol-2-john-irving\/","title":{"rendered":"O ESTRANHO MUNDO DE GARP, Vol.2 &#8211; John Irving"},"content":{"rendered":"<p>O ESTRANHO MUNDO DE GARP, Vol.2<\/p>\n<p>John Irving<\/p>\n<p>Tradu\u00e7\u00e3o de Maria Adelaide Namorado Freire<\/p>\n<p>Ano de edi\u00e7\u00e3o:<\/p>\n<p>Editor: Distri Editora<\/p>\n<p>Idioma: Portugu\u00eas<\/p>\n<p>Dimens\u00f5es: 12.7 x 1.2 x 19 cm<\/p>\n<p>Encaderna\u00e7\u00e3o: Capa mole<\/p>\n<p>P\u00e1ginas: 267<\/p>\n","protected":false},"excerpt":{"rendered":"<p>O ESTRANHO MUNDO DE GARP, Vol.2 John Irving Tradu\u00e7\u00e3o de Maria Adelaide Namorado Freire Ano de edi\u00e7\u00e3o: Editor: Distri Editora Idioma: Portugu\u00eas Dimens\u00f5es: 12.7 x 1.2 x 19 cm Encaderna\u00e7\u00e3o: Capa mole P\u00e1ginas: 267<\/p>\n","protected":false},"featured_media":6162,"comment_status":"open","ping_status":"closed","template":"","meta":{"om_disable_all_campaigns":false,"_monsterinsights_skip_tracking":false,"_monsterinsights_sitenote_active":false,"_monsterinsights_sitenote_note":"","_monsterinsights_sitenote_category":0,"_uf_show_specific_survey":0,"_uf_disable_surveys":false},"product_cat":[26],"product_tag":[],"aioseo_notices":[],"jetpack_sharing_enabled":true,"_links":{"self":[{"href":"https:\/\/casadolivreiro.pt\/index.php\/wp-json\/wp\/v2\/product\/6161"}],"collection":[{"href":"https:\/\/casadolivreiro.pt\/index.php\/wp-json\/wp\/v2\/product"}],"about":[{"href":"https:\/\/casadolivreiro.pt\/index.php\/wp-json\/wp\/v2\/types\/product"}],"replies":[{"embeddable":true,"href":"https:\/\/casadolivreiro.pt\/index.php\/wp-json\/wp\/v2\/comments?post=6161"}],"wp:featuredmedia":[{"embeddable":true,"href":"https:\/\/casadolivreiro.pt\/index.php\/wp-json\/wp\/v2\/media\/6162"}],"wp:attachment":[{"href":"https:\/\/casadolivreiro.pt\/index.php\/wp-json\/wp\/v2\/media?parent=6161"}],"wp:term":[{"taxonomy":"product_cat","embeddable":true,"href":"https:\/\/casadolivreiro.pt\/index.php\/wp-json\/wp\/v2\/product_cat?post=6161"},{"taxonomy":"product_tag","embeddable":true,"href":"https:\/\/casadolivreiro.pt\/index.php\/wp-json\/wp\/v2\/product_tag?post=6161"}],"curies":[{"name":"wp","href":"https:\/\/api.w.org\/{rel}","templated":true}]}}