{"id":6155,"date":"2026-02-06T17:31:37","date_gmt":"2026-02-06T17:31:37","guid":{"rendered":"https:\/\/casadolivreiro.pt\/?post_type=product&#038;p=6155"},"modified":"2026-02-06T17:31:37","modified_gmt":"2026-02-06T17:31:37","slug":"uma-cana-de-pesca-para-o-meu-avo-gao-xingjian","status":"publish","type":"product","link":"https:\/\/casadolivreiro.pt\/index.php\/product\/uma-cana-de-pesca-para-o-meu-avo-gao-xingjian\/","title":{"rendered":"UMA CANA DE PESCA PARA O MEU AV\u00d4 &#8211; Gao Xingjian"},"content":{"rendered":"<p>UMA CANA DE PESCA PARA O MEU AV\u00d4<\/p>\n<p>Gao Xingjian<\/p>\n<p>Tradu\u00e7\u00e3o de franc\u00eas Carlos Aboim de Brito<\/p>\n<p>Ano de edi\u00e7\u00e3o: 2003<\/p>\n<p>Editor: P\u00fablico Comunica\u00e7\u00e3o Social S.A., Porto<\/p>\n<p>Idioma: Portugu\u00eas<\/p>\n<p>Dimens\u00f5es: 12 x 1 x 21 cm<\/p>\n<p>Encaderna\u00e7\u00e3o: Capa dura<\/p>\n<p>P\u00e1ginas: 94<\/p>\n","protected":false},"excerpt":{"rendered":"<p>UMA CANA DE PESCA PARA O MEU AV\u00d4 Gao Xingjian Tradu\u00e7\u00e3o de franc\u00eas Carlos Aboim de Brito Ano de edi\u00e7\u00e3o: 2003 Editor: P\u00fablico Comunica\u00e7\u00e3o Social S.A., Porto Idioma: Portugu\u00eas Dimens\u00f5es: 12 x 1 x 21 cm Encaderna\u00e7\u00e3o: Capa dura P\u00e1ginas: 94<\/p>\n","protected":false},"featured_media":6156,"comment_status":"open","ping_status":"closed","template":"","meta":{"om_disable_all_campaigns":false,"_monsterinsights_skip_tracking":false,"_monsterinsights_sitenote_active":false,"_monsterinsights_sitenote_note":"","_monsterinsights_sitenote_category":0,"_uf_show_specific_survey":0,"_uf_disable_surveys":false},"product_cat":[26],"product_tag":[],"aioseo_notices":[],"jetpack_sharing_enabled":true,"_links":{"self":[{"href":"https:\/\/casadolivreiro.pt\/index.php\/wp-json\/wp\/v2\/product\/6155"}],"collection":[{"href":"https:\/\/casadolivreiro.pt\/index.php\/wp-json\/wp\/v2\/product"}],"about":[{"href":"https:\/\/casadolivreiro.pt\/index.php\/wp-json\/wp\/v2\/types\/product"}],"replies":[{"embeddable":true,"href":"https:\/\/casadolivreiro.pt\/index.php\/wp-json\/wp\/v2\/comments?post=6155"}],"wp:featuredmedia":[{"embeddable":true,"href":"https:\/\/casadolivreiro.pt\/index.php\/wp-json\/wp\/v2\/media\/6156"}],"wp:attachment":[{"href":"https:\/\/casadolivreiro.pt\/index.php\/wp-json\/wp\/v2\/media?parent=6155"}],"wp:term":[{"taxonomy":"product_cat","embeddable":true,"href":"https:\/\/casadolivreiro.pt\/index.php\/wp-json\/wp\/v2\/product_cat?post=6155"},{"taxonomy":"product_tag","embeddable":true,"href":"https:\/\/casadolivreiro.pt\/index.php\/wp-json\/wp\/v2\/product_tag?post=6155"}],"curies":[{"name":"wp","href":"https:\/\/api.w.org\/{rel}","templated":true}]}}