{"id":6151,"date":"2026-02-06T17:26:33","date_gmt":"2026-02-06T17:26:33","guid":{"rendered":"https:\/\/casadolivreiro.pt\/?post_type=product&#038;p=6151"},"modified":"2026-02-06T17:26:33","modified_gmt":"2026-02-06T17:26:33","slug":"o-arrepio-ross-macdonald","status":"publish","type":"product","link":"https:\/\/casadolivreiro.pt\/index.php\/product\/o-arrepio-ross-macdonald\/","title":{"rendered":"O ARREPIO &#8211; Ross Macdonald"},"content":{"rendered":"<p>O ARREPIO<\/p>\n<p>Ross Macdonald<\/p>\n<p>Colec\u00e7\u00e3o 9mm<\/p>\n<p>Tradu\u00e7\u00e3o de Daniel Gon\u00e7alves<\/p>\n<p>Ano de edi\u00e7\u00e3o: 2005<\/p>\n<p>Editor: P\u00fablico Comunica\u00e7\u00e3o Social S.A., Porto<\/p>\n<p>Idioma: Portugu\u00eas<\/p>\n<p>Dimens\u00f5es: 12 x 1.3 x 20.5 cm<\/p>\n<p>Encaderna\u00e7\u00e3o: Capa mole<\/p>\n<p>P\u00e1ginas: 379<\/p>\n","protected":false},"excerpt":{"rendered":"<p>O ARREPIO Ross Macdonald Colec\u00e7\u00e3o 9mm Tradu\u00e7\u00e3o de Daniel Gon\u00e7alves Ano de edi\u00e7\u00e3o: 2005 Editor: P\u00fablico Comunica\u00e7\u00e3o Social S.A., Porto Idioma: Portugu\u00eas Dimens\u00f5es: 12 x 1.3 x 20.5 cm Encaderna\u00e7\u00e3o: Capa mole P\u00e1ginas: 379<\/p>\n","protected":false},"featured_media":6152,"comment_status":"open","ping_status":"closed","template":"","meta":{"om_disable_all_campaigns":false,"_monsterinsights_skip_tracking":false,"_monsterinsights_sitenote_active":false,"_monsterinsights_sitenote_note":"","_monsterinsights_sitenote_category":0,"_uf_show_specific_survey":0,"_uf_disable_surveys":false},"product_cat":[26,44],"product_tag":[],"aioseo_notices":[],"jetpack_sharing_enabled":true,"_links":{"self":[{"href":"https:\/\/casadolivreiro.pt\/index.php\/wp-json\/wp\/v2\/product\/6151"}],"collection":[{"href":"https:\/\/casadolivreiro.pt\/index.php\/wp-json\/wp\/v2\/product"}],"about":[{"href":"https:\/\/casadolivreiro.pt\/index.php\/wp-json\/wp\/v2\/types\/product"}],"replies":[{"embeddable":true,"href":"https:\/\/casadolivreiro.pt\/index.php\/wp-json\/wp\/v2\/comments?post=6151"}],"wp:featuredmedia":[{"embeddable":true,"href":"https:\/\/casadolivreiro.pt\/index.php\/wp-json\/wp\/v2\/media\/6152"}],"wp:attachment":[{"href":"https:\/\/casadolivreiro.pt\/index.php\/wp-json\/wp\/v2\/media?parent=6151"}],"wp:term":[{"taxonomy":"product_cat","embeddable":true,"href":"https:\/\/casadolivreiro.pt\/index.php\/wp-json\/wp\/v2\/product_cat?post=6151"},{"taxonomy":"product_tag","embeddable":true,"href":"https:\/\/casadolivreiro.pt\/index.php\/wp-json\/wp\/v2\/product_tag?post=6151"}],"curies":[{"name":"wp","href":"https:\/\/api.w.org\/{rel}","templated":true}]}}