{"id":6149,"date":"2026-02-06T17:24:06","date_gmt":"2026-02-06T17:24:06","guid":{"rendered":"https:\/\/casadolivreiro.pt\/?post_type=product&#038;p=6149"},"modified":"2026-02-06T17:24:07","modified_gmt":"2026-02-06T17:24:07","slug":"a-torre-e-a-morte-michael-innes","status":"publish","type":"product","link":"https:\/\/casadolivreiro.pt\/index.php\/product\/a-torre-e-a-morte-michael-innes\/","title":{"rendered":"A TORRE E A MORTE &#8211; Michael Innes"},"content":{"rendered":"<p>A TORRE E A MORTE<\/p>\n<p>Michael Innes<\/p>\n<p>Colec\u00e7\u00e3o 9mm<\/p>\n<p>Tradu\u00e7\u00e3o de Joel L\u00edma e Cruz Barreto<\/p>\n<p>Ano de edi\u00e7\u00e3o: 2005<\/p>\n<p>Editor: P\u00fablico Comunica\u00e7\u00e3o Social S.A., Porto<\/p>\n<p>Idioma: Portugu\u00eas<\/p>\n<p>Dimens\u00f5es: 12 x 1.3 x 20.5 cm<\/p>\n<p>Encaderna\u00e7\u00e3o: Capa mole<\/p>\n<p>P\u00e1ginas: 316<\/p>\n","protected":false},"excerpt":{"rendered":"<p>A TORRE E A MORTE Michael Innes Colec\u00e7\u00e3o 9mm Tradu\u00e7\u00e3o de Joel L\u00edma e Cruz Barreto Ano de edi\u00e7\u00e3o: 2005 Editor: P\u00fablico Comunica\u00e7\u00e3o Social S.A., Porto Idioma: Portugu\u00eas Dimens\u00f5es: 12 x 1.3 x 20.5 cm Encaderna\u00e7\u00e3o: Capa mole P\u00e1ginas: 316<\/p>\n","protected":false},"featured_media":6150,"comment_status":"open","ping_status":"closed","template":"","meta":{"om_disable_all_campaigns":false,"_monsterinsights_skip_tracking":false,"_monsterinsights_sitenote_active":false,"_monsterinsights_sitenote_note":"","_monsterinsights_sitenote_category":0,"_uf_show_specific_survey":0,"_uf_disable_surveys":false},"product_cat":[26,44],"product_tag":[],"aioseo_notices":[],"jetpack_sharing_enabled":true,"_links":{"self":[{"href":"https:\/\/casadolivreiro.pt\/index.php\/wp-json\/wp\/v2\/product\/6149"}],"collection":[{"href":"https:\/\/casadolivreiro.pt\/index.php\/wp-json\/wp\/v2\/product"}],"about":[{"href":"https:\/\/casadolivreiro.pt\/index.php\/wp-json\/wp\/v2\/types\/product"}],"replies":[{"embeddable":true,"href":"https:\/\/casadolivreiro.pt\/index.php\/wp-json\/wp\/v2\/comments?post=6149"}],"wp:featuredmedia":[{"embeddable":true,"href":"https:\/\/casadolivreiro.pt\/index.php\/wp-json\/wp\/v2\/media\/6150"}],"wp:attachment":[{"href":"https:\/\/casadolivreiro.pt\/index.php\/wp-json\/wp\/v2\/media?parent=6149"}],"wp:term":[{"taxonomy":"product_cat","embeddable":true,"href":"https:\/\/casadolivreiro.pt\/index.php\/wp-json\/wp\/v2\/product_cat?post=6149"},{"taxonomy":"product_tag","embeddable":true,"href":"https:\/\/casadolivreiro.pt\/index.php\/wp-json\/wp\/v2\/product_tag?post=6149"}],"curies":[{"name":"wp","href":"https:\/\/api.w.org\/{rel}","templated":true}]}}