{"id":6147,"date":"2026-02-06T17:21:15","date_gmt":"2026-02-06T17:21:15","guid":{"rendered":"https:\/\/casadolivreiro.pt\/?post_type=product&#038;p=6147"},"modified":"2026-02-06T17:21:16","modified_gmt":"2026-02-06T17:21:16","slug":"as-vidas-de-christopher-chant-diana-wynne-jones","status":"publish","type":"product","link":"https:\/\/casadolivreiro.pt\/index.php\/product\/as-vidas-de-christopher-chant-diana-wynne-jones\/","title":{"rendered":"AS VIDAS DE CHRISTOPHER CHANT &#8211; Diana Wynne Jones"},"content":{"rendered":"<p>AS VIDAS DE CHRISTOPHER CHANT<\/p>\n<p>Diana Wynne Jones<\/p>\n<p>Tradu\u00e7\u00e3o de Silvia Serrano Santos<\/p>\n<p>Ano de edi\u00e7\u00e3o: 2005 ( 1.\u00aa edi\u00e7\u00e3o)<\/p>\n<p>Editor: Editorial Presen\u00e7a<\/p>\n<p>Idioma: Portugu\u00eas<\/p>\n<p>Dimens\u00f5es: 13.5 x 1.7 x 20.3 cm<\/p>\n<p>Encaderna\u00e7\u00e3o: Capa mole<\/p>\n<p>P\u00e1ginas: 249<\/p>\n","protected":false},"excerpt":{"rendered":"<p>AS VIDAS DE CHRISTOPHER CHANT Diana Wynne Jones Tradu\u00e7\u00e3o de Silvia Serrano Santos Ano de edi\u00e7\u00e3o: 2005 ( 1.\u00aa edi\u00e7\u00e3o) Editor: Editorial Presen\u00e7a Idioma: Portugu\u00eas Dimens\u00f5es: 13.5 x 1.7 x 20.3 cm Encaderna\u00e7\u00e3o: Capa mole P\u00e1ginas: 249<\/p>\n","protected":false},"featured_media":6148,"comment_status":"open","ping_status":"closed","template":"","meta":{"om_disable_all_campaigns":false,"_monsterinsights_skip_tracking":false,"_monsterinsights_sitenote_active":false,"_monsterinsights_sitenote_note":"","_monsterinsights_sitenote_category":0,"_uf_show_specific_survey":0,"_uf_disable_surveys":false},"product_cat":[26],"product_tag":[],"aioseo_notices":[],"jetpack_sharing_enabled":true,"_links":{"self":[{"href":"https:\/\/casadolivreiro.pt\/index.php\/wp-json\/wp\/v2\/product\/6147"}],"collection":[{"href":"https:\/\/casadolivreiro.pt\/index.php\/wp-json\/wp\/v2\/product"}],"about":[{"href":"https:\/\/casadolivreiro.pt\/index.php\/wp-json\/wp\/v2\/types\/product"}],"replies":[{"embeddable":true,"href":"https:\/\/casadolivreiro.pt\/index.php\/wp-json\/wp\/v2\/comments?post=6147"}],"wp:featuredmedia":[{"embeddable":true,"href":"https:\/\/casadolivreiro.pt\/index.php\/wp-json\/wp\/v2\/media\/6148"}],"wp:attachment":[{"href":"https:\/\/casadolivreiro.pt\/index.php\/wp-json\/wp\/v2\/media?parent=6147"}],"wp:term":[{"taxonomy":"product_cat","embeddable":true,"href":"https:\/\/casadolivreiro.pt\/index.php\/wp-json\/wp\/v2\/product_cat?post=6147"},{"taxonomy":"product_tag","embeddable":true,"href":"https:\/\/casadolivreiro.pt\/index.php\/wp-json\/wp\/v2\/product_tag?post=6147"}],"curies":[{"name":"wp","href":"https:\/\/api.w.org\/{rel}","templated":true}]}}