{"id":6143,"date":"2026-02-06T17:15:10","date_gmt":"2026-02-06T17:15:10","guid":{"rendered":"https:\/\/casadolivreiro.pt\/?post_type=product&#038;p=6143"},"modified":"2026-02-06T17:15:10","modified_gmt":"2026-02-06T17:15:10","slug":"2455-cela-da-morte-caryl-chessman","status":"publish","type":"product","link":"https:\/\/casadolivreiro.pt\/index.php\/product\/2455-cela-da-morte-caryl-chessman\/","title":{"rendered":"2455 CELA DA MORTE &#8211; Caryl Chessman"},"content":{"rendered":"<p>2455 CELA DA MORTE<\/p>\n<p>Caryl Chessman<\/p>\n<p>Colec\u00e7\u00e3o S\u00e9culo XX<\/p>\n<p>Tradu\u00e7\u00e3o de Ant\u00f3nio Neto<\/p>\n<p>Ano de edi\u00e7\u00e3o: 1960<\/p>\n<p>Editor: Europa-Am\u00e9rica<\/p>\n<p>Idioma: Portugu\u00eas<\/p>\n<p>Dimens\u00f5es: 14 x 2.3 x 19.6 cm<\/p>\n<p>Encaderna\u00e7\u00e3o: Capa mole<\/p>\n<p>P\u00e1ginas: 297<\/p>\n","protected":false},"excerpt":{"rendered":"<p>2455 CELA DA MORTE Caryl Chessman Colec\u00e7\u00e3o S\u00e9culo XX Tradu\u00e7\u00e3o de Ant\u00f3nio Neto Ano de edi\u00e7\u00e3o: 1960 Editor: Europa-Am\u00e9rica Idioma: Portugu\u00eas Dimens\u00f5es: 14 x 2.3 x 19.6 cm Encaderna\u00e7\u00e3o: Capa mole P\u00e1ginas: 297<\/p>\n","protected":false},"featured_media":6144,"comment_status":"open","ping_status":"closed","template":"","meta":{"om_disable_all_campaigns":false,"_monsterinsights_skip_tracking":false,"_monsterinsights_sitenote_active":false,"_monsterinsights_sitenote_note":"","_monsterinsights_sitenote_category":0,"_uf_show_specific_survey":0,"_uf_disable_surveys":false},"product_cat":[28,26,36,44],"product_tag":[],"aioseo_notices":[],"jetpack_sharing_enabled":true,"_links":{"self":[{"href":"https:\/\/casadolivreiro.pt\/index.php\/wp-json\/wp\/v2\/product\/6143"}],"collection":[{"href":"https:\/\/casadolivreiro.pt\/index.php\/wp-json\/wp\/v2\/product"}],"about":[{"href":"https:\/\/casadolivreiro.pt\/index.php\/wp-json\/wp\/v2\/types\/product"}],"replies":[{"embeddable":true,"href":"https:\/\/casadolivreiro.pt\/index.php\/wp-json\/wp\/v2\/comments?post=6143"}],"wp:featuredmedia":[{"embeddable":true,"href":"https:\/\/casadolivreiro.pt\/index.php\/wp-json\/wp\/v2\/media\/6144"}],"wp:attachment":[{"href":"https:\/\/casadolivreiro.pt\/index.php\/wp-json\/wp\/v2\/media?parent=6143"}],"wp:term":[{"taxonomy":"product_cat","embeddable":true,"href":"https:\/\/casadolivreiro.pt\/index.php\/wp-json\/wp\/v2\/product_cat?post=6143"},{"taxonomy":"product_tag","embeddable":true,"href":"https:\/\/casadolivreiro.pt\/index.php\/wp-json\/wp\/v2\/product_tag?post=6143"}],"curies":[{"name":"wp","href":"https:\/\/api.w.org\/{rel}","templated":true}]}}