{"id":613,"date":"2024-03-15T13:00:04","date_gmt":"2024-03-15T13:00:04","guid":{"rendered":"https:\/\/casadolivreiro.pt\/?post_type=product&#038;p=613"},"modified":"2024-03-15T13:00:04","modified_gmt":"2024-03-15T13:00:04","slug":"o-dossie-odessa-frederick-forsyth","status":"publish","type":"product","link":"https:\/\/casadolivreiro.pt\/index.php\/product\/o-dossie-odessa-frederick-forsyth\/","title":{"rendered":"O DOSSI\u00ca ODESSA &#8211; Frederick Forsyth"},"content":{"rendered":"<p>O DOSSI\u00ca ODESSA<br \/>\nFrederick Forsyth<br \/>\nTradu\u00e7\u00e3o de Pinheiro de Lemos<br \/>\nAno de edi\u00e7\u00e3o: 1972<br \/>\nEditor: Distribuidora Record, Rio de Janeiro<br \/>\nIdioma: Portugu\u00eas<br \/>\nDimens\u00f5es: 13.5 x 1.8 x 20.6 cm<br \/>\nEncaderna\u00e7\u00e3o: Capa mole<br \/>\nP\u00e1ginas: 274<\/p>\n","protected":false},"excerpt":{"rendered":"<p>O DOSSI\u00ca ODESSA Frederick Forsyth Tradu\u00e7\u00e3o de Pinheiro de Lemos Ano de edi\u00e7\u00e3o: 1972 Editor: Distribuidora Record, Rio de Janeiro Idioma: Portugu\u00eas Dimens\u00f5es: 13.5 x 1.8 x 20.6 cm Encaderna\u00e7\u00e3o: Capa mole P\u00e1ginas: 274<\/p>\n","protected":false},"featured_media":614,"comment_status":"open","ping_status":"closed","template":"","meta":{"om_disable_all_campaigns":false,"_monsterinsights_skip_tracking":false,"_monsterinsights_sitenote_active":false,"_monsterinsights_sitenote_note":"","_monsterinsights_sitenote_category":0,"_uf_show_specific_survey":0,"_uf_disable_surveys":false},"product_cat":[44],"product_tag":[],"aioseo_notices":[],"jetpack_sharing_enabled":true,"_links":{"self":[{"href":"https:\/\/casadolivreiro.pt\/index.php\/wp-json\/wp\/v2\/product\/613"}],"collection":[{"href":"https:\/\/casadolivreiro.pt\/index.php\/wp-json\/wp\/v2\/product"}],"about":[{"href":"https:\/\/casadolivreiro.pt\/index.php\/wp-json\/wp\/v2\/types\/product"}],"replies":[{"embeddable":true,"href":"https:\/\/casadolivreiro.pt\/index.php\/wp-json\/wp\/v2\/comments?post=613"}],"wp:featuredmedia":[{"embeddable":true,"href":"https:\/\/casadolivreiro.pt\/index.php\/wp-json\/wp\/v2\/media\/614"}],"wp:attachment":[{"href":"https:\/\/casadolivreiro.pt\/index.php\/wp-json\/wp\/v2\/media?parent=613"}],"wp:term":[{"taxonomy":"product_cat","embeddable":true,"href":"https:\/\/casadolivreiro.pt\/index.php\/wp-json\/wp\/v2\/product_cat?post=613"},{"taxonomy":"product_tag","embeddable":true,"href":"https:\/\/casadolivreiro.pt\/index.php\/wp-json\/wp\/v2\/product_tag?post=613"}],"curies":[{"name":"wp","href":"https:\/\/api.w.org\/{rel}","templated":true}]}}