{"id":611,"date":"2024-03-15T12:56:09","date_gmt":"2024-03-15T12:56:09","guid":{"rendered":"https:\/\/casadolivreiro.pt\/?post_type=product&#038;p=611"},"modified":"2024-03-15T12:56:09","modified_gmt":"2024-03-15T12:56:09","slug":"o-processo-do-coronel-abel-james-b-donovan","status":"publish","type":"product","link":"https:\/\/casadolivreiro.pt\/index.php\/product\/o-processo-do-coronel-abel-james-b-donovan\/","title":{"rendered":"O PROCESSO DO CORONEL ABEL &#8211; James B. Donovan"},"content":{"rendered":"<p>O PROCESSO DO CORONEL ABEL<br \/>\nJames B. Donovan<br \/>\nTradu\u00e7\u00e3o de Maria Manuela Henriques<br \/>\nAno de edi\u00e7\u00e3o: 1964 (?)<br \/>\nEditor: Portugalia Editora, Lisboa<br \/>\nIdioma: Portugu\u00eas<br \/>\nDimens\u00f5es: 15 x 2.4 x 22 cm<br \/>\nEncaderna\u00e7\u00e3o: Capa mole<br \/>\nP\u00e1ginas: 386<\/p>\n","protected":false},"excerpt":{"rendered":"<p>O PROCESSO DO CORONEL ABEL James B. Donovan Tradu\u00e7\u00e3o de Maria Manuela Henriques Ano de edi\u00e7\u00e3o: 1964 (?) Editor: Portugalia Editora, Lisboa Idioma: Portugu\u00eas Dimens\u00f5es: 15 x 2.4 x 22 cm Encaderna\u00e7\u00e3o: Capa mole P\u00e1ginas: 386<\/p>\n","protected":false},"featured_media":612,"comment_status":"open","ping_status":"closed","template":"","meta":{"om_disable_all_campaigns":false,"_monsterinsights_skip_tracking":false,"_monsterinsights_sitenote_active":false,"_monsterinsights_sitenote_note":"","_monsterinsights_sitenote_category":0,"_uf_show_specific_survey":0,"_uf_disable_surveys":false},"product_cat":[30,44],"product_tag":[],"aioseo_notices":[],"jetpack_sharing_enabled":true,"_links":{"self":[{"href":"https:\/\/casadolivreiro.pt\/index.php\/wp-json\/wp\/v2\/product\/611"}],"collection":[{"href":"https:\/\/casadolivreiro.pt\/index.php\/wp-json\/wp\/v2\/product"}],"about":[{"href":"https:\/\/casadolivreiro.pt\/index.php\/wp-json\/wp\/v2\/types\/product"}],"replies":[{"embeddable":true,"href":"https:\/\/casadolivreiro.pt\/index.php\/wp-json\/wp\/v2\/comments?post=611"}],"wp:featuredmedia":[{"embeddable":true,"href":"https:\/\/casadolivreiro.pt\/index.php\/wp-json\/wp\/v2\/media\/612"}],"wp:attachment":[{"href":"https:\/\/casadolivreiro.pt\/index.php\/wp-json\/wp\/v2\/media?parent=611"}],"wp:term":[{"taxonomy":"product_cat","embeddable":true,"href":"https:\/\/casadolivreiro.pt\/index.php\/wp-json\/wp\/v2\/product_cat?post=611"},{"taxonomy":"product_tag","embeddable":true,"href":"https:\/\/casadolivreiro.pt\/index.php\/wp-json\/wp\/v2\/product_tag?post=611"}],"curies":[{"name":"wp","href":"https:\/\/api.w.org\/{rel}","templated":true}]}}